{"id":2759,"date":"2025-06-27T13:23:18","date_gmt":"2025-06-27T10:23:18","guid":{"rendered":"https:\/\/rkeeper.us\/?page_id=2759"},"modified":"2025-07-22T12:11:10","modified_gmt":"2025-07-22T09:11:10","slug":"system-click-collect","status":"publish","type":"page","link":"https:\/\/rkeeper.pl\/?page_id=2759","title":{"rendered":"System Click &amp; Collect"},"content":{"rendered":"\t\t<div data-elementor-type=\"wp-page\" data-elementor-id=\"2759\" class=\"elementor elementor-2759 elementor-1937\" data-elementor-post-type=\"page\">\n\t\t\t\t<div class=\"elementor-element elementor-element-27df4ed7 e-flex e-con-boxed e-con e-parent\" data-id=\"27df4ed7\" data-element_type=\"container\" data-e-type=\"container\">\n\t\t\t\t\t<div class=\"e-con-inner\">\n\t\t\t\t<div class=\"elementor-element elementor-element-8e622fb elementor-widget elementor-widget-heading\" data-id=\"8e622fb\" data-element_type=\"widget\" data-e-type=\"widget\" data-widget_type=\"heading.default\">\n\t\t\t\t<div class=\"elementor-widget-container\">\n\t\t\t\t\t<h3 class=\"elementor-heading-title elementor-size-default\">System Click &amp; Collect<\/h3>\t\t\t\t<\/div>\n\t\t\t\t<\/div>\n\t\t\t\t<div class=\"elementor-element elementor-element-17833098 elementor-widget elementor-widget-text-editor\" data-id=\"17833098\" data-element_type=\"widget\" data-e-type=\"widget\" data-widget_type=\"text-editor.default\">\n\t\t\t\t<div class=\"elementor-widget-container\">\n\t\t\t\t\t\t\t\t\t<h3 id=\"Simplify-Your-Pickup-Orders-with-Click-and-Collect-2\"><strong>Upro\u015b\u0107 swoje zam\u00f3wienia z odbiorem dzi\u0119ki funkcji Kliknij i odbierz<\/strong><\/h3><h3 id=\"Seamless-Integration-for-Smoother-Operations-2\">Bezproblemowa integracja dla sprawniejszego dzia\u0142ania<\/h3><p>Po\u017cegnaj si\u0119 z d\u0142ugimi kolejkami i chaosem zam\u00f3wie\u0144. Dzi\u0119ki us\u0142udze <strong>Click and<\/strong> Collect klienci mog\u0105 sk\u0142ada\u0107 zam\u00f3wienia z wyprzedzeniem i odbiera\u0107 je w dogodnym dla siebie momencie, a Ty usprawniasz prac\u0119 kuchni i personelu. <\/p><p>Jest \u0142atwy w konfiguracji, p\u0142ynny w obs\u0142udze i stworzony w celu zwi\u0119kszenia zar\u00f3wno sprzeda\u017cy, jak i satysfakcji.<\/p><p>Szybki. Elastyczny. Przysz\u0142o\u015bciowy.  <\/p><p><img fetchpriority=\"high\" decoding=\"async\" class=\"alignright\" src=\"https:\/\/img.perfectwiki.xyz\/insecure\/resize:fit:400\/aHR0cHM6Ly9zdG9yYWdlLmdvb2dsZWFwaXMuY29tL3BlcmZlY3Rfd2lraS9jMThmZTZmNy03MTRiLTQxMzItYmI1NC0zNTY0ODc3NWVkMGMvQ2FWOVIwbzVwdkdmamtpRHJ5cjUvJUQwJUI4JUQwJUI3JUQwJUJFJUQwJUIxJUQxJTgwJUQwJUIwJUQwJUI2JUQwJUI1JUQwJUJEJUQwJUI4JUQwJUI1Xzk5ZDUwNTAyLWUxNzMtNGIwZS1hMjU5LTg4YTQ0ZGQyMzA5NC5wbmc.webp\" sizes=\"100vw\" srcset=\"https:\/\/img.perfectwiki.xyz\/insecure\/resize:fit:400\/aHR0cHM6Ly9zdG9yYWdlLmdvb2dsZWFwaXMuY29tL3BlcmZlY3Rfd2lraS9jMThmZTZmNy03MTRiLTQxMzItYmI1NC0zNTY0ODc3NWVkMGMvQ2FWOVIwbzVwdkdmamtpRHJ5cjUvJUQwJUI4JUQwJUI3JUQwJUJFJUQwJUIxJUQxJTgwJUQwJUIwJUQwJUI2JUQwJUI1JUQwJUJEJUQwJUI4JUQwJUI1Xzk5ZDUwNTAyLWUxNzMtNGIwZS1hMjU5LTg4YTQ0ZGQyMzA5NC5wbmc.webp 400w, https:\/\/img.perfectwiki.xyz\/insecure\/resize:fit:800\/aHR0cHM6Ly9zdG9yYWdlLmdvb2dsZWFwaXMuY29tL3BlcmZlY3Rfd2lraS9jMThmZTZmNy03MTRiLTQxMzItYmI1NC0zNTY0ODc3NWVkMGMvQ2FWOVIwbzVwdkdmamtpRHJ5cjUvJUQwJUI4JUQwJUI3JUQwJUJFJUQwJUIxJUQxJTgwJUQwJUIwJUQwJUI2JUQwJUI1JUQwJUJEJUQwJUI4JUQwJUI1Xzk5ZDUwNTAyLWUxNzMtNGIwZS1hMjU5LTg4YTQ0ZGQyMzA5NC5wbmc.webp 800w, https:\/\/img.perfectwiki.xyz\/insecure\/resize:fit:1200\/aHR0cHM6Ly9zdG9yYWdlLmdvb2dsZWFwaXMuY29tL3BlcmZlY3Rfd2lraS9jMThmZTZmNy03MTRiLTQxMzItYmI1NC0zNTY0ODc3NWVkMGMvQ2FWOVIwbzVwdkdmamtpRHJ5cjUvJUQwJUI4JUQwJUI3JUQwJUJFJUQwJUIxJUQxJTgwJUQwJUIwJUQwJUI2JUQwJUI1JUQwJUJEJUQwJUI4JUQwJUI1Xzk5ZDUwNTAyLWUxNzMtNGIwZS1hMjU5LTg4YTQ0ZGQyMzA5NC5wbmc.webp 1200w, https:\/\/img.perfectwiki.xyz\/insecure\/aHR0cHM6Ly9zdG9yYWdlLmdvb2dsZWFwaXMuY29tL3BlcmZlY3Rfd2lraS9jMThmZTZmNy03MTRiLTQxMzItYmI1NC0zNTY0ODc3NWVkMGMvQ2FWOVIwbzVwdkdmamtpRHJ5cjUvJUQwJUI4JUQwJUI3JUQwJUJFJUQwJUIxJUQxJTgwJUQwJUIwJUQwJUI2JUQwJUI1JUQwJUJEJUQwJUI4JUQwJUI1Xzk5ZDUwNTAyLWUxNzMtNGIwZS1hMjU5LTg4YTQ0ZGQyMzA5NC5wbmc.webp 1400w\" alt=\"produkty \/ 2 Kliknij i odbierz\" width=\"386\" height=\"259\"><\/p><h3 id=\"Benefits-of-Click-and-Collect-2\"><strong>Korzy\u015bci z Click and Collect<\/strong><\/h3><ul><li><strong>Zwi\u0119kszona liczba zam\u00f3wie\u0144<\/strong><br>Pozw\u00f3l swoim klientom sk\u0142ada\u0107 zam\u00f3wienia odbioru w dowolnym momencie &#8211; nawet w godzinach szczytu. Wi\u0119cej zam\u00f3wie\u0144, mniej kork\u00f3w. <\/li><li><strong>Wi\u0119ksza satysfakcja klienta<\/strong><br>Bez czekania. \u017badnych nieporozumie\u0144. Tylko sprawna, szybka i dok\u0142adna obs\u0142uga.  <\/li><li><strong>Skr\u00f3cony czas oczekiwania<\/strong><br>Dzi\u0119ki terminom odbioru i aktualizacjom w czasie rzeczywistym klienci dok\u0142adnie wiedz\u0105, kiedy przyj\u015b\u0107 &#8211; i wyj\u015b\u0107.<\/li><\/ul><h2 id=\"How-It-Works-1\"><strong>Jak to dzia\u0142a<\/strong><\/h2><h3 id=\"Benefits-of-Click-and-Collect-2\"><img decoding=\"async\" class=\"alignleft\" style=\"font-size: 16px;\" src=\"https:\/\/img.perfectwiki.xyz\/insecure\/resize:fit:400\/aHR0cHM6Ly9zdG9yYWdlLmdvb2dsZWFwaXMuY29tL3BlcmZlY3Rfd2lraS9jMThmZTZmNy03MTRiLTQxMzItYmI1NC0zNTY0ODc3NWVkMGMvQ2FWOVIwbzVwdkdmamtpRHJ5cjUvJUQwJUI4JUQwJUI3JUQwJUJFJUQwJUIxJUQxJTgwJUQwJUIwJUQwJUI2JUQwJUI1JUQwJUJEJUQwJUI4JUQwJUI1Xzc0MjFiOGVhLWI1Y2MtNDc5ZC1iZDQ5LTUwODc3OGQ0YTVlYi5wbmc.webp\" sizes=\"100vw\" srcset=\"https:\/\/img.perfectwiki.xyz\/insecure\/resize:fit:400\/aHR0cHM6Ly9zdG9yYWdlLmdvb2dsZWFwaXMuY29tL3BlcmZlY3Rfd2lraS9jMThmZTZmNy03MTRiLTQxMzItYmI1NC0zNTY0ODc3NWVkMGMvQ2FWOVIwbzVwdkdmamtpRHJ5cjUvJUQwJUI4JUQwJUI3JUQwJUJFJUQwJUIxJUQxJTgwJUQwJUIwJUQwJUI2JUQwJUI1JUQwJUJEJUQwJUI4JUQwJUI1Xzc0MjFiOGVhLWI1Y2MtNDc5ZC1iZDQ5LTUwODc3OGQ0YTVlYi5wbmc.webp 400w, https:\/\/img.perfectwiki.xyz\/insecure\/resize:fit:800\/aHR0cHM6Ly9zdG9yYWdlLmdvb2dsZWFwaXMuY29tL3BlcmZlY3Rfd2lraS9jMThmZTZmNy03MTRiLTQxMzItYmI1NC0zNTY0ODc3NWVkMGMvQ2FWOVIwbzVwdkdmamtpRHJ5cjUvJUQwJUI4JUQwJUI3JUQwJUJFJUQwJUIxJUQxJTgwJUQwJUIwJUQwJUI2JUQwJUI1JUQwJUJEJUQwJUI4JUQwJUI1Xzc0MjFiOGVhLWI1Y2MtNDc5ZC1iZDQ5LTUwODc3OGQ0YTVlYi5wbmc.webp 800w, https:\/\/img.perfectwiki.xyz\/insecure\/resize:fit:1200\/aHR0cHM6Ly9zdG9yYWdlLmdvb2dsZWFwaXMuY29tL3BlcmZlY3Rfd2lraS9jMThmZTZmNy03MTRiLTQxMzItYmI1NC0zNTY0ODc3NWVkMGMvQ2FWOVIwbzVwdkdmamtpRHJ5cjUvJUQwJUI4JUQwJUI3JUQwJUJFJUQwJUIxJUQxJTgwJUQwJUIwJUQwJUI2JUQwJUI1JUQwJUJEJUQwJUI4JUQwJUI1Xzc0MjFiOGVhLWI1Y2MtNDc5ZC1iZDQ5LTUwODc3OGQ0YTVlYi5wbmc.webp 1200w, https:\/\/img.perfectwiki.xyz\/insecure\/aHR0cHM6Ly9zdG9yYWdlLmdvb2dsZWFwaXMuY29tL3BlcmZlY3Rfd2lraS9jMThmZTZmNy03MTRiLTQxMzItYmI1NC0zNTY0ODc3NWVkMGMvQ2FWOVIwbzVwdkdmamtpRHJ5cjUvJUQwJUI4JUQwJUI3JUQwJUJFJUQwJUIxJUQxJTgwJUQwJUIwJUQwJUI2JUQwJUI1JUQwJUJEJUQwJUI4JUQwJUI1Xzc0MjFiOGVhLWI1Y2MtNDc5ZC1iZDQ5LTUwODc3OGQ0YTVlYi5wbmc.webp 1400w\" alt=\"produkty \/ 2 Kliknij i odbierz\" width=\"404\" height=\"271\"><\/h3><h5><strong>\u0141atwa konfiguracja<\/strong><\/h5><p>Nasza intuicyjna platforma integruje si\u0119 z istniej\u0105cym systemem POS. B\u0119dziesz gotowy do pracy w mgnieniu oka &#8211; bez b\u00f3lu g\u0142owy zwi\u0105zanego z IT. <\/p><h5><strong>Bezproblemowe zamawianie<\/strong><\/h5><p>Klienci sk\u0142adaj\u0105 zam\u00f3wienia z Twojej strony internetowej, aplikacji lub kiosku. Wszystko jest natychmiast synchronizowane z kuchni\u0105. <\/p><h5><strong>Wydajna kolekcja<\/strong><\/h5><p>Klienci otrzymuj\u0105 powiadomienie, gdy jedzenie jest gotowe. Po prostu wchodz\u0105, odbieraj\u0105 i wychodz\u0105. <\/p><h3 id=\"Detailed-Features-of-Click-and-Collect-2\"><strong>Szczeg\u00f3\u0142owe funkcje us\u0142ugi Click and Collect<\/strong><\/h3><h5><strong>Zarz\u0105dzanie zam\u00f3wieniami<\/strong><\/h5><p>\u015aled\u017a i zarz\u0105dzaj wszystkimi zleceniami odbioru na ujednoliconym pulpicie nawigacyjnym. Przegl\u0105daj, aktualizuj i realizuj zam\u00f3wienia bez wysi\u0142ku. <\/p><h5><strong>Aktualizacje w czasie rzeczywistym<\/strong><\/h5><h3 id=\"Detailed-Features-of-Click-and-Collect-2\"><img decoding=\"async\" class=\"alignright\" style=\"font-size: 16px; margin: 8px 8px 0px;\" src=\"https:\/\/img.perfectwiki.xyz\/insecure\/resize:fit:400\/aHR0cHM6Ly9zdG9yYWdlLmdvb2dsZWFwaXMuY29tL3BlcmZlY3Rfd2lraS9jMThmZTZmNy03MTRiLTQxMzItYmI1NC0zNTY0ODc3NWVkMGMvQ2FWOVIwbzVwdkdmamtpRHJ5cjUvJUQwJUI4JUQwJUI3JUQwJUJFJUQwJUIxJUQxJTgwJUQwJUIwJUQwJUI2JUQwJUI1JUQwJUJEJUQwJUI4JUQwJUI1XzIyNjhhNTc2LTU3MzQtNDNlYS05MGU2LTQ4ODhjYWY3Mjk5Ny5wbmc.webp\" sizes=\"100vw\" srcset=\"https:\/\/img.perfectwiki.xyz\/insecure\/resize:fit:400\/aHR0cHM6Ly9zdG9yYWdlLmdvb2dsZWFwaXMuY29tL3BlcmZlY3Rfd2lraS9jMThmZTZmNy03MTRiLTQxMzItYmI1NC0zNTY0ODc3NWVkMGMvQ2FWOVIwbzVwdkdmamtpRHJ5cjUvJUQwJUI4JUQwJUI3JUQwJUJFJUQwJUIxJUQxJTgwJUQwJUIwJUQwJUI2JUQwJUI1JUQwJUJEJUQwJUI4JUQwJUI1XzIyNjhhNTc2LTU3MzQtNDNlYS05MGU2LTQ4ODhjYWY3Mjk5Ny5wbmc.webp 400w, https:\/\/img.perfectwiki.xyz\/insecure\/resize:fit:800\/aHR0cHM6Ly9zdG9yYWdlLmdvb2dsZWFwaXMuY29tL3BlcmZlY3Rfd2lraS9jMThmZTZmNy03MTRiLTQxMzItYmI1NC0zNTY0ODc3NWVkMGMvQ2FWOVIwbzVwdkdmamtpRHJ5cjUvJUQwJUI4JUQwJUI3JUQwJUJFJUQwJUIxJUQxJTgwJUQwJUIwJUQwJUI2JUQwJUI1JUQwJUJEJUQwJUI4JUQwJUI1XzIyNjhhNTc2LTU3MzQtNDNlYS05MGU2LTQ4ODhjYWY3Mjk5Ny5wbmc.webp 800w, https:\/\/img.perfectwiki.xyz\/insecure\/resize:fit:1200\/aHR0cHM6Ly9zdG9yYWdlLmdvb2dsZWFwaXMuY29tL3BlcmZlY3Rfd2lraS9jMThmZTZmNy03MTRiLTQxMzItYmI1NC0zNTY0ODc3NWVkMGMvQ2FWOVIwbzVwdkdmamtpRHJ5cjUvJUQwJUI4JUQwJUI3JUQwJUJFJUQwJUIxJUQxJTgwJUQwJUIwJUQwJUI2JUQwJUI1JUQwJUJEJUQwJUI4JUQwJUI1XzIyNjhhNTc2LTU3MzQtNDNlYS05MGU2LTQ4ODhjYWY3Mjk5Ny5wbmc.webp 1200w, https:\/\/img.perfectwiki.xyz\/insecure\/aHR0cHM6Ly9zdG9yYWdlLmdvb2dsZWFwaXMuY29tL3BlcmZlY3Rfd2lraS9jMThmZTZmNy03MTRiLTQxMzItYmI1NC0zNTY0ODc3NWVkMGMvQ2FWOVIwbzVwdkdmamtpRHJ5cjUvJUQwJUI4JUQwJUI3JUQwJUJFJUQwJUIxJUQxJTgwJUQwJUIwJUQwJUI2JUQwJUI1JUQwJUJEJUQwJUI4JUQwJUI1XzIyNjhhNTc2LTU3MzQtNDNlYS05MGU2LTQ4ODhjYWY3Mjk5Ny5wbmc.webp 1400w\" alt=\"produkty \/ 2 Kliknij i odbierz\" width=\"362\" height=\"241\"><\/h3><p>Automatyczne powiadomienia o statusie informuj\u0105 klient\u00f3w &#8211; od &#8222;przygotowania&#8221; do &#8222;gotowo\u015bci do odbioru&#8221;.<\/p><h5><strong>Konfigurowalne gniazda odbioru<\/strong><\/h5><p>Pozw\u00f3l klientom wybra\u0107 czas odbioru. Kontroluj przep\u0142yw zam\u00f3wie\u0144 i unikaj w\u0105skich garde\u0142 w godzinach szczytu. <\/p><h5><strong>Zintegrowane rozwi\u0105zania p\u0142atnicze<\/strong><\/h5><p>Obs\u0142uga wszystkich g\u0142\u00f3wnych typ\u00f3w p\u0142atno\u015bci: karty, p\u0142atno\u015bci mobilne, przedp\u0142aty &#8211; bezpiecznie przetwarzane.<\/p><h5><strong>Gotowy na uproszczenie operacji i zwi\u0119kszenie przychod\u00f3w?<\/strong><\/h5><p>Pozw\u00f3l Click and Collect wykona\u0107 ci\u0119\u017ck\u0105 prac\u0119 &#8211; podczas gdy Ty b\u0119dziesz obs\u0142ugiwa\u0107 wi\u0119cej klient\u00f3w, bardziej efektywnie.<\/p>\t\t\t\t\t\t\t\t<\/div>\n\t\t\t\t<\/div>\n\t\t\t\t<div class=\"elementor-element elementor-element-20b48f24 elementor-align-center elementor-mobile-align-center elementor-widget elementor-widget-button\" data-id=\"20b48f24\" data-element_type=\"widget\" data-e-type=\"widget\" data-widget_type=\"button.default\">\n\t\t\t\t<div class=\"elementor-widget-container\">\n\t\t\t\t\t\t\t\t\t<div class=\"elementor-button-wrapper\">\n\t\t\t\t\t<a class=\"elementor-button elementor-button-link elementor-size-sm\" href=\"https:\/\/rkeeper.us\/?page_id=256\">\n\t\t\t\t\t\t<span class=\"elementor-button-content-wrapper\">\n\t\t\t\t\t\t\t\t\t<span class=\"elementor-button-text\">Kontakt<\/span>\n\t\t\t\t\t<\/span>\n\t\t\t\t\t<\/a>\n\t\t\t\t<\/div>\n\t\t\t\t\t\t\t\t<\/div>\n\t\t\t\t<\/div>\n\t\t\t\t\t<\/div>\n\t\t\t\t<\/div>\n\t\t\t\t<\/div>\n\t\t","protected":false},"excerpt":{"rendered":"<p>System Click &amp; Collect Upro\u015b\u0107 swoje zam\u00f3wienia z odbiorem dzi\u0119ki funkcji Kliknij i odbierz Bezproblemowa integracja dla sprawniejszego dzia\u0142ania Po\u017cegnaj si\u0119 z d\u0142ugimi kolejkami i chaosem zam\u00f3wie\u0144. Dzi\u0119ki us\u0142udze Click and Collect klienci mog\u0105 sk\u0142ada\u0107 zam\u00f3wienia z wyprzedzeniem i odbiera\u0107 je w dogodnym dla siebie momencie, a Ty usprawniasz prac\u0119 kuchni i personelu. Jest \u0142atwy [&hellip;]<\/p>\n","protected":false},"author":1,"featured_media":0,"parent":0,"menu_order":0,"comment_status":"closed","ping_status":"closed","template":"","meta":{"footnotes":""},"class_list":["post-2759","page","type-page","status-publish","hentry"],"_links":{"self":[{"href":"https:\/\/rkeeper.pl\/index.php?rest_route=\/wp\/v2\/pages\/2759","targetHints":{"allow":["GET"]}}],"collection":[{"href":"https:\/\/rkeeper.pl\/index.php?rest_route=\/wp\/v2\/pages"}],"about":[{"href":"https:\/\/rkeeper.pl\/index.php?rest_route=\/wp\/v2\/types\/page"}],"author":[{"embeddable":true,"href":"https:\/\/rkeeper.pl\/index.php?rest_route=\/wp\/v2\/users\/1"}],"replies":[{"embeddable":true,"href":"https:\/\/rkeeper.pl\/index.php?rest_route=%2Fwp%2Fv2%2Fcomments&post=2759"}],"version-history":[{"count":5,"href":"https:\/\/rkeeper.pl\/index.php?rest_route=\/wp\/v2\/pages\/2759\/revisions"}],"predecessor-version":[{"id":3734,"href":"https:\/\/rkeeper.pl\/index.php?rest_route=\/wp\/v2\/pages\/2759\/revisions\/3734"}],"wp:attachment":[{"href":"https:\/\/rkeeper.pl\/index.php?rest_route=%2Fwp%2Fv2%2Fmedia&parent=2759"}],"curies":[{"name":"wp","href":"https:\/\/api.w.org\/{rel}","templated":true}]}}