{"id":2632,"date":"2025-07-14T15:51:29","date_gmt":"2025-07-14T12:51:29","guid":{"rendered":"https:\/\/rkeeper.us\/?page_id=2632"},"modified":"2025-07-22T12:06:13","modified_gmt":"2025-07-22T09:06:13","slug":"zamawianie-online","status":"publish","type":"page","link":"https:\/\/rkeeper.pl\/?page_id=2632","title":{"rendered":"Zamawianie online"},"content":{"rendered":"\t\t<div data-elementor-type=\"wp-page\" data-elementor-id=\"2632\" class=\"elementor elementor-2632 elementor-2220\" data-elementor-post-type=\"page\">\n\t\t\t\t<div class=\"elementor-element elementor-element-13b53120 e-flex e-con-boxed e-con e-parent\" data-id=\"13b53120\" data-element_type=\"container\" data-e-type=\"container\">\n\t\t\t\t\t<div class=\"e-con-inner\">\n\t\t\t\t<div class=\"elementor-element elementor-element-664f7414 elementor-widget elementor-widget-heading\" data-id=\"664f7414\" data-element_type=\"widget\" data-e-type=\"widget\" data-widget_type=\"heading.default\">\n\t\t\t\t<div class=\"elementor-widget-container\">\n\t\t\t\t\t<h3 class=\"elementor-heading-title elementor-size-default\">Zamawianie online<\/h3>\t\t\t\t<\/div>\n\t\t\t\t<\/div>\n\t\t\t\t<div class=\"elementor-element elementor-element-63e33bf0 elementor-widget elementor-widget-text-editor\" data-id=\"63e33bf0\" data-element_type=\"widget\" data-e-type=\"widget\" data-widget_type=\"text-editor.default\">\n\t\t\t\t<div class=\"elementor-widget-container\">\n\t\t\t\t\t\t\t\t\t<h2 id=\"Online-Ordering:-Your-Restaurant-Always-Open-1\"><strong>Zamawianie online: Twoja restauracja zawsze otwarta<\/strong><\/h2><h3 id=\"Turn-Clicks-Into-Orders.-Anytime-Anywhere.-2\">Zamie\u0144 klikni\u0119cia w zam\u00f3wienia. Zawsze i wsz\u0119dzie. <\/h3><p>Pozw\u00f3l klientom zamawia\u0107 w Twojej restauracji za pomoc\u0105 kilku dotkni\u0119\u0107 &#8211; na dowolnym urz\u0105dzeniu.<br>Nasze rozwi\u0105zanie do <strong>zamawiania online<\/strong> \u0142\u0105czy Twoje menu ze \u015bwiatem cyfrowym: Twoj\u0105 stron\u0105 internetow\u0105, aplikacj\u0105 mobiln\u0105 lub kodem QR. Bez po\u015brednik\u00f3w. \u017badnych ci\u0119\u0107 prowizji. Tylko sprzeda\u017c bezpo\u015brednia, prosto do Twojej kuchni.   <\/p><p>Dzia\u0142aj poza swoimi murami. B\u0105d\u017a tam, gdzie s\u0105 Twoi klienci. <\/p><h3 id=\"Why-You'll-Love-It-2\"><strong>Dlaczego to pokochasz<\/strong><\/h3><p><img fetchpriority=\"high\" decoding=\"async\" class=\"alignleft\" src=\"https:\/\/img.perfectwiki.xyz\/insecure\/resize:fit:400\/aHR0cHM6Ly9zdG9yYWdlLmdvb2dsZWFwaXMuY29tL3BlcmZlY3Rfd2lraS9jMThmZTZmNy03MTRiLTQxMzItYmI1NC0zNTY0ODc3NWVkMGMvRXFoakF6MGFkRjlvQ3BVRXdIVFQvJUQwJUI4JUQwJUI3JUQwJUJFJUQwJUIxJUQxJTgwJUQwJUIwJUQwJUI2JUQwJUI1JUQwJUJEJUQwJUI4JUQwJUI1XzQyZTk5NjM0LWY0YzYtNGU3My05MDhlLTI4ODBiZTIwMGU4OS5wbmc.webp\" sizes=\"100vw\" srcset=\"https:\/\/img.perfectwiki.xyz\/insecure\/resize:fit:400\/aHR0cHM6Ly9zdG9yYWdlLmdvb2dsZWFwaXMuY29tL3BlcmZlY3Rfd2lraS9jMThmZTZmNy03MTRiLTQxMzItYmI1NC0zNTY0ODc3NWVkMGMvRXFoakF6MGFkRjlvQ3BVRXdIVFQvJUQwJUI4JUQwJUI3JUQwJUJFJUQwJUIxJUQxJTgwJUQwJUIwJUQwJUI2JUQwJUI1JUQwJUJEJUQwJUI4JUQwJUI1XzQyZTk5NjM0LWY0YzYtNGU3My05MDhlLTI4ODBiZTIwMGU4OS5wbmc.webp 400w, https:\/\/img.perfectwiki.xyz\/insecure\/resize:fit:800\/aHR0cHM6Ly9zdG9yYWdlLmdvb2dsZWFwaXMuY29tL3BlcmZlY3Rfd2lraS9jMThmZTZmNy03MTRiLTQxMzItYmI1NC0zNTY0ODc3NWVkMGMvRXFoakF6MGFkRjlvQ3BVRXdIVFQvJUQwJUI4JUQwJUI3JUQwJUJFJUQwJUIxJUQxJTgwJUQwJUIwJUQwJUI2JUQwJUI1JUQwJUJEJUQwJUI4JUQwJUI1XzQyZTk5NjM0LWY0YzYtNGU3My05MDhlLTI4ODBiZTIwMGU4OS5wbmc.webp 800w, https:\/\/img.perfectwiki.xyz\/insecure\/resize:fit:1200\/aHR0cHM6Ly9zdG9yYWdlLmdvb2dsZWFwaXMuY29tL3BlcmZlY3Rfd2lraS9jMThmZTZmNy03MTRiLTQxMzItYmI1NC0zNTY0ODc3NWVkMGMvRXFoakF6MGFkRjlvQ3BVRXdIVFQvJUQwJUI4JUQwJUI3JUQwJUJFJUQwJUIxJUQxJTgwJUQwJUIwJUQwJUI2JUQwJUI1JUQwJUJEJUQwJUI4JUQwJUI1XzQyZTk5NjM0LWY0YzYtNGU3My05MDhlLTI4ODBiZTIwMGU4OS5wbmc.webp 1200w, https:\/\/img.perfectwiki.xyz\/insecure\/aHR0cHM6Ly9zdG9yYWdlLmdvb2dsZWFwaXMuY29tL3BlcmZlY3Rfd2lraS9jMThmZTZmNy03MTRiLTQxMzItYmI1NC0zNTY0ODc3NWVkMGMvRXFoakF6MGFkRjlvQ3BVRXdIVFQvJUQwJUI4JUQwJUI3JUQwJUJFJUQwJUIxJUQxJTgwJUQwJUIwJUQwJUI2JUQwJUI1JUQwJUJEJUQwJUI4JUQwJUI1XzQyZTk5NjM0LWY0YzYtNGU3My05MDhlLTI4ODBiZTIwMGU4OS5wbmc.webp 1400w\" alt=\"rozwi\u0105zania \/ 6 Zamawianie online\" width=\"224\" height=\"336\"><\/p><p><strong>\u0141atwe w u\u017cyciu, \u0142atwe do zam\u00f3wienia<\/strong><br>Pi\u0119kne, markowe menu zaprojektowane dla urz\u0105dze\u0144 mobilnych i komputer\u00f3w stacjonarnych. Nie trzeba pobiera\u0107 \u017cadnych aplikacji &#8211; wystarczy dotkn\u0105\u0107 i zam\u00f3wi\u0107. <\/p><p><strong>Bezpieczne p\u0142atno\u015bci, elastyczne opcje<\/strong><br>Akceptuj karty, Apple\/Google Pay lub pozw\u00f3l im p\u0142aci\u0107 przy odbiorze. Wszystkie transakcje s\u0105 bezpieczne i szybkie. <\/p><p><strong>Odbi\u00f3r, dostawa, posi\u0142ek na miejscu &#8211; wszystko w jednym miejscu<\/strong><br>Pozw\u00f3l go\u015bciom wybra\u0107 spos\u00f3b odbioru jedzenia: odbi\u00f3r, posi\u0142ek na miejscu lub dostawa.<\/p><p><strong>W pe\u0142ni zintegrowany<\/strong><br>Zam\u00f3wienia sp\u0142ywaj\u0105 bezpo\u015brednio do POS lub kuchni &#8211; bez dodatkowych ekran\u00f3w, bez pomini\u0119tych bilet\u00f3w.<\/p><p><strong>Sales Insights &amp; Customer Data<\/strong><br>\u015aled\u017a, co ludzie zamawiaj\u0105, kiedy i jak cz\u0119sto. Wykorzystaj to do ulepszenia swoich ofert i lepszego targetowania. <\/p><h3 id=\"Key-Features-2\"><strong>Kluczowe cechy<\/strong><\/h3><ul><li>Konfigurowalne menu cyfrowe z kategoriami i modyfikatorami<\/li><li>Dodaj zdj\u0119cia, alergeny, kombinacje &#8211; wszystko, czego potrzebuj\u0105 Twoi go\u015bcie.<\/li><li>Udost\u0119pnianie za pomoc\u0105 linku, kodu QR lub osadzanie w witrynie internetowej<\/li><li>Obs\u0142uguje kody promocyjne, lojalno\u015b\u0107 i upselling<\/li><li>Aktualizacje menu i dost\u0119pno\u015bci w czasie rzeczywistym<\/li><li><p>Wieloj\u0119zyczne wsparcie dla klient\u00f3w mi\u0119dzynarodowych<\/p><figure class=\"image image_resized\"><img decoding=\"async\" class=\"alignright\" src=\"https:\/\/img.perfectwiki.xyz\/insecure\/resize:fit:400\/aHR0cHM6Ly9zdG9yYWdlLmdvb2dsZWFwaXMuY29tL3BlcmZlY3Rfd2lraS9jMThmZTZmNy03MTRiLTQxMzItYmI1NC0zNTY0ODc3NWVkMGMvRXFoakF6MGFkRjlvQ3BVRXdIVFQvJUQwJUI4JUQwJUI3JUQwJUJFJUQwJUIxJUQxJTgwJUQwJUIwJUQwJUI2JUQwJUI1JUQwJUJEJUQwJUI4JUQwJUI1XzVkNzgwNjA4LTY0OTctNDNkYi1iMmViLTkzNDFkNzYyNzVjMS5wbmc.webp\" sizes=\"100vw\" srcset=\"https:\/\/img.perfectwiki.xyz\/insecure\/resize:fit:400\/aHR0cHM6Ly9zdG9yYWdlLmdvb2dsZWFwaXMuY29tL3BlcmZlY3Rfd2lraS9jMThmZTZmNy03MTRiLTQxMzItYmI1NC0zNTY0ODc3NWVkMGMvRXFoakF6MGFkRjlvQ3BVRXdIVFQvJUQwJUI4JUQwJUI3JUQwJUJFJUQwJUIxJUQxJTgwJUQwJUIwJUQwJUI2JUQwJUI1JUQwJUJEJUQwJUI4JUQwJUI1XzVkNzgwNjA4LTY0OTctNDNkYi1iMmViLTkzNDFkNzYyNzVjMS5wbmc.webp 400w, https:\/\/img.perfectwiki.xyz\/insecure\/resize:fit:800\/aHR0cHM6Ly9zdG9yYWdlLmdvb2dsZWFwaXMuY29tL3BlcmZlY3Rfd2lraS9jMThmZTZmNy03MTRiLTQxMzItYmI1NC0zNTY0ODc3NWVkMGMvRXFoakF6MGFkRjlvQ3BVRXdIVFQvJUQwJUI4JUQwJUI3JUQwJUJFJUQwJUIxJUQxJTgwJUQwJUIwJUQwJUI2JUQwJUI1JUQwJUJEJUQwJUI4JUQwJUI1XzVkNzgwNjA4LTY0OTctNDNkYi1iMmViLTkzNDFkNzYyNzVjMS5wbmc.webp 800w, https:\/\/img.perfectwiki.xyz\/insecure\/resize:fit:1200\/aHR0cHM6Ly9zdG9yYWdlLmdvb2dsZWFwaXMuY29tL3BlcmZlY3Rfd2lraS9jMThmZTZmNy03MTRiLTQxMzItYmI1NC0zNTY0ODc3NWVkMGMvRXFoakF6MGFkRjlvQ3BVRXdIVFQvJUQwJUI4JUQwJUI3JUQwJUJFJUQwJUIxJUQxJTgwJUQwJUIwJUQwJUI2JUQwJUI1JUQwJUJEJUQwJUI4JUQwJUI1XzVkNzgwNjA4LTY0OTctNDNkYi1iMmViLTkzNDFkNzYyNzVjMS5wbmc.webp 1200w, https:\/\/img.perfectwiki.xyz\/insecure\/aHR0cHM6Ly9zdG9yYWdlLmdvb2dsZWFwaXMuY29tL3BlcmZlY3Rfd2lraS9jMThmZTZmNy03MTRiLTQxMzItYmI1NC0zNTY0ODc3NWVkMGMvRXFoakF6MGFkRjlvQ3BVRXdIVFQvJUQwJUI4JUQwJUI3JUQwJUJFJUQwJUIxJUQxJTgwJUQwJUIwJUQwJUI2JUQwJUI1JUQwJUJEJUQwJUI4JUQwJUI1XzVkNzgwNjA4LTY0OTctNDNkYi1iMmViLTkzNDFkNzYyNzVjMS5wbmc.webp 1400w\" alt=\"rozwi\u0105zania \/ 6 Zamawianie online\" width=\"230\" height=\"347\"><\/figure><\/li><\/ul><h3 id=\"Who-Is-It-For-2\"><strong>Dla kogo?<\/strong><\/h3><p><strong>Fast Food<\/strong> &#8211; szybkie zamawianie, mniej kolejek<br><strong>Takeaway &amp; Delivery<\/strong> &#8211; \u0142atwy przep\u0142yw klient\u00f3w, lepsze wyczucie czasu<br> Kawiarnie<strong>i piekarnie<\/strong> &#8211; planowanie odbioru, unikanie kolejek<br><strong>Restauracje<\/strong> &#8211; QR zamawianie stolik\u00f3w, zero potrzebnego personelu  <\/p><h2 id=\"Own-the-Customer-Experience-1\"><strong>W\u0142asne do\u015bwiadczenie klienta<\/strong><\/h2><p>Nie wynajmuj swoich relacji aplikacjom innych firm.<br>Dzi\u0119ki bezpo\u015brednim zam\u00f3wieniom online zachowujesz kontrol\u0119 &#8211; i zatrzymujesz 100% sprzeda\u017cy.<\/p>\t\t\t\t\t\t\t\t<\/div>\n\t\t\t\t<\/div>\n\t\t\t\t<div class=\"elementor-element elementor-element-419a0f07 elementor-align-center elementor-mobile-align-center elementor-widget elementor-widget-button\" data-id=\"419a0f07\" data-element_type=\"widget\" data-e-type=\"widget\" data-widget_type=\"button.default\">\n\t\t\t\t<div class=\"elementor-widget-container\">\n\t\t\t\t\t\t\t\t\t<div class=\"elementor-button-wrapper\">\n\t\t\t\t\t<a class=\"elementor-button elementor-button-link elementor-size-sm\" href=\"https:\/\/rkeeper.us\/?page_id=256\">\n\t\t\t\t\t\t<span class=\"elementor-button-content-wrapper\">\n\t\t\t\t\t\t\t\t\t<span class=\"elementor-button-text\">Kontakt<\/span>\n\t\t\t\t\t<\/span>\n\t\t\t\t\t<\/a>\n\t\t\t\t<\/div>\n\t\t\t\t\t\t\t\t<\/div>\n\t\t\t\t<\/div>\n\t\t\t\t\t<\/div>\n\t\t\t\t<\/div>\n\t\t\t\t<\/div>\n\t\t","protected":false},"excerpt":{"rendered":"<p>Zamawianie online Zamawianie online: Twoja restauracja zawsze otwarta Zamie\u0144 klikni\u0119cia w zam\u00f3wienia. Zawsze i wsz\u0119dzie. Pozw\u00f3l klientom zamawia\u0107 w Twojej restauracji za pomoc\u0105 kilku dotkni\u0119\u0107 &#8211; na dowolnym urz\u0105dzeniu.Nasze rozwi\u0105zanie do zamawiania online \u0142\u0105czy Twoje menu ze \u015bwiatem cyfrowym: Twoj\u0105 stron\u0105 internetow\u0105, aplikacj\u0105 mobiln\u0105 lub kodem QR. Bez po\u015brednik\u00f3w. \u017badnych ci\u0119\u0107 prowizji. Tylko sprzeda\u017c bezpo\u015brednia, [&hellip;]<\/p>\n","protected":false},"author":1,"featured_media":0,"parent":0,"menu_order":0,"comment_status":"closed","ping_status":"closed","template":"","meta":{"footnotes":""},"class_list":["post-2632","page","type-page","status-publish","hentry"],"_links":{"self":[{"href":"https:\/\/rkeeper.pl\/index.php?rest_route=\/wp\/v2\/pages\/2632","targetHints":{"allow":["GET"]}}],"collection":[{"href":"https:\/\/rkeeper.pl\/index.php?rest_route=\/wp\/v2\/pages"}],"about":[{"href":"https:\/\/rkeeper.pl\/index.php?rest_route=\/wp\/v2\/types\/page"}],"author":[{"embeddable":true,"href":"https:\/\/rkeeper.pl\/index.php?rest_route=\/wp\/v2\/users\/1"}],"replies":[{"embeddable":true,"href":"https:\/\/rkeeper.pl\/index.php?rest_route=%2Fwp%2Fv2%2Fcomments&post=2632"}],"version-history":[{"count":5,"href":"https:\/\/rkeeper.pl\/index.php?rest_route=\/wp\/v2\/pages\/2632\/revisions"}],"predecessor-version":[{"id":3681,"href":"https:\/\/rkeeper.pl\/index.php?rest_route=\/wp\/v2\/pages\/2632\/revisions\/3681"}],"wp:attachment":[{"href":"https:\/\/rkeeper.pl\/index.php?rest_route=%2Fwp%2Fv2%2Fmedia&parent=2632"}],"curies":[{"name":"wp","href":"https:\/\/api.w.org\/{rel}","templated":true}]}}