{"id":2528,"date":"2025-07-14T15:28:58","date_gmt":"2025-07-14T12:28:58","guid":{"rendered":"https:\/\/rkeeper.us\/?page_id=2528"},"modified":"2025-07-22T12:09:41","modified_gmt":"2025-07-22T09:09:41","slug":"pos-rejestr-kasowy","status":"publish","type":"page","link":"https:\/\/rkeeper.pl\/?page_id=2528","title":{"rendered":"POS\/rejestr kasowy"},"content":{"rendered":"\t\t<div data-elementor-type=\"wp-page\" data-elementor-id=\"2528\" class=\"elementor elementor-2528 elementor-2181\" data-elementor-post-type=\"page\">\n\t\t\t\t<div class=\"elementor-element elementor-element-520b5700 e-flex e-con-boxed e-con e-parent\" data-id=\"520b5700\" data-element_type=\"container\" data-e-type=\"container\">\n\t\t\t\t\t<div class=\"e-con-inner\">\n\t\t\t\t<div class=\"elementor-element elementor-element-6e322089 elementor-widget elementor-widget-heading\" data-id=\"6e322089\" data-element_type=\"widget\" data-e-type=\"widget\" data-widget_type=\"heading.default\">\n\t\t\t\t<div class=\"elementor-widget-container\">\n\t\t\t\t\t<h3 class=\"elementor-heading-title elementor-size-default\">POS\/rejestr kasowy<\/h3>\t\t\t\t<\/div>\n\t\t\t\t<\/div>\n\t\t\t\t<div class=\"elementor-element elementor-element-120f9b88 elementor-widget elementor-widget-text-editor\" data-id=\"120f9b88\" data-element_type=\"widget\" data-e-type=\"widget\" data-widget_type=\"text-editor.default\">\n\t\t\t\t<div class=\"elementor-widget-container\">\n\t\t\t\t\t\t\t\t\t<h2 id=\"POS-and-Cashdesk:-Power-at-Your-Fingertips-1\"><strong>POS i Cashdesk: Moc na wyci\u0105gni\u0119cie r\u0119ki<\/strong><\/h2><h3 id=\"Smart-Intuitive-and-Built-for-Busy-Service-2\">Inteligentna, intuicyjna i stworzona dla zapracowanych s\u0142u\u017cb<\/h3><p>Niezale\u017cnie od tego, czy prowadzisz szybko rozwijaj\u0105c\u0105 si\u0119 QSR, przytuln\u0105 kawiarni\u0119, czy restauracj\u0119 w wielu lokalizacjach, nasze rozwi\u0105zanie <strong>POS i Cashdesk<\/strong> jest Twoim centrum dowodzenia. Przyspiesz obs\u0142ug\u0119, zredukuj liczb\u0119 b\u0142\u0119d\u00f3w, zarz\u0105dzaj personelem i zapasami oraz zachwy\u0107 swoich go\u015bci &#8211; a wszystko to z poziomu jednego, eleganckiego interfejsu. <\/p><p>Zaprojektowany z my\u015bl\u0105 o wydajno\u015bci. Zbudowany z my\u015bl\u0105 o skalowalno\u015bci. Uwielbiany przez pracownik\u00f3w.  <\/p><hr><h3 id=\"Why-Our-POS-System-2\"><strong>Dlaczego nasz system POS?<\/strong><\/h3><p><img fetchpriority=\"high\" decoding=\"async\" class=\"alignright\" style=\"margin: 8px 8px 0px;\" src=\"https:\/\/img.perfectwiki.xyz\/insecure\/resize:fit:400\/aHR0cHM6Ly9zdG9yYWdlLmdvb2dsZWFwaXMuY29tL3BlcmZlY3Rfd2lraS9jMThmZTZmNy03MTRiLTQxMzItYmI1NC0zNTY0ODc3NWVkMGMvSmhLQW04VFpVUlJLSHhOZ0RUUmwvJUQwJUI4JUQwJUI3JUQwJUJFJUQwJUIxJUQxJTgwJUQwJUIwJUQwJUI2JUQwJUI1JUQwJUJEJUQwJUI4JUQwJUI1X2UzOWYyNWMyLWZmNDgtNGMyYy1iMjE3LTQ1Y2Q2ZTYyN2ExNS5wbmc.webp\" sizes=\"100vw\" srcset=\"https:\/\/img.perfectwiki.xyz\/insecure\/resize:fit:400\/aHR0cHM6Ly9zdG9yYWdlLmdvb2dsZWFwaXMuY29tL3BlcmZlY3Rfd2lraS9jMThmZTZmNy03MTRiLTQxMzItYmI1NC0zNTY0ODc3NWVkMGMvSmhLQW04VFpVUlJLSHhOZ0RUUmwvJUQwJUI4JUQwJUI3JUQwJUJFJUQwJUIxJUQxJTgwJUQwJUIwJUQwJUI2JUQwJUI1JUQwJUJEJUQwJUI4JUQwJUI1X2UzOWYyNWMyLWZmNDgtNGMyYy1iMjE3LTQ1Y2Q2ZTYyN2ExNS5wbmc.webp 400w, https:\/\/img.perfectwiki.xyz\/insecure\/resize:fit:800\/aHR0cHM6Ly9zdG9yYWdlLmdvb2dsZWFwaXMuY29tL3BlcmZlY3Rfd2lraS9jMThmZTZmNy03MTRiLTQxMzItYmI1NC0zNTY0ODc3NWVkMGMvSmhLQW04VFpVUlJLSHhOZ0RUUmwvJUQwJUI4JUQwJUI3JUQwJUJFJUQwJUIxJUQxJTgwJUQwJUIwJUQwJUI2JUQwJUI1JUQwJUJEJUQwJUI4JUQwJUI1X2UzOWYyNWMyLWZmNDgtNGMyYy1iMjE3LTQ1Y2Q2ZTYyN2ExNS5wbmc.webp 800w, https:\/\/img.perfectwiki.xyz\/insecure\/resize:fit:1200\/aHR0cHM6Ly9zdG9yYWdlLmdvb2dsZWFwaXMuY29tL3BlcmZlY3Rfd2lraS9jMThmZTZmNy03MTRiLTQxMzItYmI1NC0zNTY0ODc3NWVkMGMvSmhLQW04VFpVUlJLSHhOZ0RUUmwvJUQwJUI4JUQwJUI3JUQwJUJFJUQwJUIxJUQxJTgwJUQwJUIwJUQwJUI2JUQwJUI1JUQwJUJEJUQwJUI4JUQwJUI1X2UzOWYyNWMyLWZmNDgtNGMyYy1iMjE3LTQ1Y2Q2ZTYyN2ExNS5wbmc.webp 1200w, https:\/\/img.perfectwiki.xyz\/insecure\/aHR0cHM6Ly9zdG9yYWdlLmdvb2dsZWFwaXMuY29tL3BlcmZlY3Rfd2lraS9jMThmZTZmNy03MTRiLTQxMzItYmI1NC0zNTY0ODc3NWVkMGMvSmhLQW04VFpVUlJLSHhOZ0RUUmwvJUQwJUI4JUQwJUI3JUQwJUJFJUQwJUIxJUQxJTgwJUQwJUIwJUQwJUI2JUQwJUI1JUQwJUJEJUQwJUI4JUQwJUI1X2UzOWYyNWMyLWZmNDgtNGMyYy1iMjE3LTQ1Y2Q2ZTYyN2ExNS5wbmc.webp 1400w\" alt=\"produkty \/ 3 POS\/Cashdesk\" width=\"331\" height=\"220\"><\/p><p><strong>B\u0142yskawiczne transakcje<\/strong><br>Bez op\u00f3\u017anie\u0144. Bez czekania. Przyjmuj zam\u00f3wienia, dziel rachunki i drukuj paragony w kilka sekund &#8211; nawet w godzinach szczytu.  <\/p><p><strong>Przyjazny dla u\u017cytkownika interfejs<\/strong><br>Brak stromej krzywej uczenia si\u0119. Twoi pracownicy pokochaj\u0105 \u0142atwo\u015b\u0107 obs\u0142ugi &#8211; ju\u017c od pierwszego dnia. <\/p><p><strong>Synchronizacja w czasie rzeczywistym<\/strong><br>Zam\u00f3wienia z kiosk\u00f3w, aplikacji i stron internetowych? Wszystkie zsynchronizowane z POS w czasie rzeczywistym. Bez podw\u00f3jnej obs\u0142ugi, bez b\u0142\u0119d\u00f3w.  <\/p><p><strong>Bezpieczne p\u0142atno\u015bci<\/strong><br>Akceptuj karty, p\u0142atno\u015bci mobilne, QR lub got\u00f3wk\u0119 &#8211; wszystko w pe\u0142ni zintegrowane z najlepszymi dostawcami p\u0142atno\u015bci.<\/p><p> <strong>Pe\u0142na kontrola i analityka<\/strong><br>\u015aledzenie sprzeda\u017cy, wydajno\u015bci pracownik\u00f3w, najbardziej ruchliwych godzin, bestseller\u00f3w &#8211; wszystko na pulpicie nawigacyjnym.<\/p><hr><h3 id=\"Key-Features-2\"><strong>Kluczowe cechy<\/strong><\/h3><p><strong><img decoding=\"async\" class=\"alignleft\" style=\"font-weight: 400;\" src=\"https:\/\/img.perfectwiki.xyz\/insecure\/resize:fit:400\/aHR0cHM6Ly9zdG9yYWdlLmdvb2dsZWFwaXMuY29tL3BlcmZlY3Rfd2lraS9jMThmZTZmNy03MTRiLTQxMzItYmI1NC0zNTY0ODc3NWVkMGMvSmhLQW04VFpVUlJLSHhOZ0RUUmwvJUQwJUI4JUQwJUI3JUQwJUJFJUQwJUIxJUQxJTgwJUQwJUIwJUQwJUI2JUQwJUI1JUQwJUJEJUQwJUI4JUQwJUI1X2E2MDI4ZGFmLTkwY2MtNDZiOC1hNDkyLWYwMzA5YTcyNGJhZC5wbmc.webp\" sizes=\"100vw\" srcset=\"https:\/\/img.perfectwiki.xyz\/insecure\/resize:fit:400\/aHR0cHM6Ly9zdG9yYWdlLmdvb2dsZWFwaXMuY29tL3BlcmZlY3Rfd2lraS9jMThmZTZmNy03MTRiLTQxMzItYmI1NC0zNTY0ODc3NWVkMGMvSmhLQW04VFpVUlJLSHhOZ0RUUmwvJUQwJUI4JUQwJUI3JUQwJUJFJUQwJUIxJUQxJTgwJUQwJUIwJUQwJUI2JUQwJUI1JUQwJUJEJUQwJUI4JUQwJUI1X2E2MDI4ZGFmLTkwY2MtNDZiOC1hNDkyLWYwMzA5YTcyNGJhZC5wbmc.webp 400w, https:\/\/img.perfectwiki.xyz\/insecure\/resize:fit:800\/aHR0cHM6Ly9zdG9yYWdlLmdvb2dsZWFwaXMuY29tL3BlcmZlY3Rfd2lraS9jMThmZTZmNy03MTRiLTQxMzItYmI1NC0zNTY0ODc3NWVkMGMvSmhLQW04VFpVUlJLSHhOZ0RUUmwvJUQwJUI4JUQwJUI3JUQwJUJFJUQwJUIxJUQxJTgwJUQwJUIwJUQwJUI2JUQwJUI1JUQwJUJEJUQwJUI4JUQwJUI1X2E2MDI4ZGFmLTkwY2MtNDZiOC1hNDkyLWYwMzA5YTcyNGJhZC5wbmc.webp 800w, https:\/\/img.perfectwiki.xyz\/insecure\/resize:fit:1200\/aHR0cHM6Ly9zdG9yYWdlLmdvb2dsZWFwaXMuY29tL3BlcmZlY3Rfd2lraS9jMThmZTZmNy03MTRiLTQxMzItYmI1NC0zNTY0ODc3NWVkMGMvSmhLQW04VFpVUlJLSHhOZ0RUUmwvJUQwJUI4JUQwJUI3JUQwJUJFJUQwJUIxJUQxJTgwJUQwJUIwJUQwJUI2JUQwJUI1JUQwJUJEJUQwJUI4JUQwJUI1X2E2MDI4ZGFmLTkwY2MtNDZiOC1hNDkyLWYwMzA5YTcyNGJhZC5wbmc.webp 1200w, https:\/\/img.perfectwiki.xyz\/insecure\/aHR0cHM6Ly9zdG9yYWdlLmdvb2dsZWFwaXMuY29tL3BlcmZlY3Rfd2lraS9jMThmZTZmNy03MTRiLTQxMzItYmI1NC0zNTY0ODc3NWVkMGMvSmhLQW04VFpVUlJLSHhOZ0RUUmwvJUQwJUI4JUQwJUI3JUQwJUJFJUQwJUIxJUQxJTgwJUQwJUIwJUQwJUI2JUQwJUI1JUQwJUJEJUQwJUI4JUQwJUI1X2E2MDI4ZGFmLTkwY2MtNDZiOC1hNDkyLWYwMzA5YTcyNGJhZC5wbmc.webp 1400w\" alt=\"produkty \/ 3 POS\/Cashdesk\" width=\"359\" height=\"239\">Wiele opcji urz\u0105dze\u0144<\/strong>: U\u017cywaj jako terminala stacjonarnego lub tabletu r\u0119cznego &#8211; lub obu.<\/p><p><strong>\u0141atwe zarz\u0105dzanie menu<\/strong>: Edytuj pozycje, ceny i promocje na bie\u017c\u0105co.<\/p><p><strong>Uprawnienia niestandardowe<\/strong>: Ustaw poziomy dost\u0119pu dla pracownik\u00f3w. Zapewnij bezpiecze\u0144stwo operacji. <\/p><p><strong>Tryb offline<\/strong>: Kontynuuj sprzeda\u017c, nawet gdy internet nie dzia\u0142a.<\/p><p><strong>Ekrany dla klient\u00f3w<\/strong>: Wy\u015bwietlaj szczeg\u00f3\u0142y zam\u00f3wienia i sugestie sprzeda\u017cy dla go\u015bci w czasie rzeczywistym.<\/p><p><strong>Natychmiastowe rabaty i integracja program\u00f3w lojalno\u015bciowych<\/strong>: Bezpo\u015brednie stosowanie kod\u00f3w promocyjnych i program\u00f3w lojalno\u015bciowych.<\/p><hr><h3 id=\"For-Every-Venue-Every-Style-2\"><strong>Dla ka\u017cdego miejsca, ka\u017cdego stylu<\/strong><\/h3><p><strong>Pizzerie i fast foody<\/strong>: Szybko\u015b\u0107 i precyzja w godzinach szczytu.<br> Kawiarnie<strong>i bary kawowe<\/strong>: Szybki dost\u0119p, \u0142atwa sprzeda\u017c dodatkowa.<br><strong>Restauracje z pe\u0142n\u0105 obs\u0142ug\u0105<\/strong>: Mapowanie stolik\u00f3w, napiwki, obs\u0142uga wielu u\u017cytkownik\u00f3w.<\/p><hr><h3 id=\"What-You-Get-2\"><strong>Co otrzymujesz<\/strong><\/h3><p>\u2714\ufe0f Szybszy czas realizacji transakcji<br>\u2714\ufe0f Mniej b\u0142\u0119d\u00f3w personelu<br>\u2714\ufe0f Lepsze raportowanie<br>\u2714\ufe0f Szcz\u0119\u015bliwsi klienci<br>\u2714\ufe0f Scentralizowane zarz\u0105dzanie dla wielu lokalizacji<\/p><p>Zwi\u0119ksz sprzeda\u017c. Upro\u015b\u0107 sw\u00f3j dzie\u0144 pracy. Rozwijaj si\u0119 z pewno\u015bci\u0105 siebie.  <\/p><hr><p><strong>Niech liczy si\u0119 ka\u017cde dotkni\u0119cie.<\/strong><br>Ulepsz swoje do\u015bwiadczenie kasowe dzi\u0119ki systemowi POS, kt\u00f3ry pracuje tak ci\u0119\u017cko, jak Ty.<\/p>\t\t\t\t\t\t\t\t<\/div>\n\t\t\t\t<\/div>\n\t\t\t\t<div class=\"elementor-element elementor-element-59aa025f elementor-align-center elementor-mobile-align-center elementor-widget elementor-widget-button\" data-id=\"59aa025f\" data-element_type=\"widget\" data-e-type=\"widget\" data-widget_type=\"button.default\">\n\t\t\t\t<div class=\"elementor-widget-container\">\n\t\t\t\t\t\t\t\t\t<div class=\"elementor-button-wrapper\">\n\t\t\t\t\t<a class=\"elementor-button elementor-button-link elementor-size-sm\" href=\"https:\/\/rkeeper.us\/?page_id=256\">\n\t\t\t\t\t\t<span class=\"elementor-button-content-wrapper\">\n\t\t\t\t\t\t\t\t\t<span class=\"elementor-button-text\">Kontakt<\/span>\n\t\t\t\t\t<\/span>\n\t\t\t\t\t<\/a>\n\t\t\t\t<\/div>\n\t\t\t\t\t\t\t\t<\/div>\n\t\t\t\t<\/div>\n\t\t\t\t\t<\/div>\n\t\t\t\t<\/div>\n\t\t\t\t<\/div>\n\t\t","protected":false},"excerpt":{"rendered":"<p>POS\/rejestr kasowy POS i Cashdesk: Moc na wyci\u0105gni\u0119cie r\u0119ki Inteligentna, intuicyjna i stworzona dla zapracowanych s\u0142u\u017cb Niezale\u017cnie od tego, czy prowadzisz szybko rozwijaj\u0105c\u0105 si\u0119 QSR, przytuln\u0105 kawiarni\u0119, czy restauracj\u0119 w wielu lokalizacjach, nasze rozwi\u0105zanie POS i Cashdesk jest Twoim centrum dowodzenia. Przyspiesz obs\u0142ug\u0119, zredukuj liczb\u0119 b\u0142\u0119d\u00f3w, zarz\u0105dzaj personelem i zapasami oraz zachwy\u0107 swoich go\u015bci &#8211; [&hellip;]<\/p>\n","protected":false},"author":1,"featured_media":0,"parent":0,"menu_order":0,"comment_status":"closed","ping_status":"closed","template":"","meta":{"footnotes":""},"class_list":["post-2528","page","type-page","status-publish","hentry"],"_links":{"self":[{"href":"https:\/\/rkeeper.pl\/index.php?rest_route=\/wp\/v2\/pages\/2528","targetHints":{"allow":["GET"]}}],"collection":[{"href":"https:\/\/rkeeper.pl\/index.php?rest_route=\/wp\/v2\/pages"}],"about":[{"href":"https:\/\/rkeeper.pl\/index.php?rest_route=\/wp\/v2\/types\/page"}],"author":[{"embeddable":true,"href":"https:\/\/rkeeper.pl\/index.php?rest_route=\/wp\/v2\/users\/1"}],"replies":[{"embeddable":true,"href":"https:\/\/rkeeper.pl\/index.php?rest_route=%2Fwp%2Fv2%2Fcomments&post=2528"}],"version-history":[{"count":5,"href":"https:\/\/rkeeper.pl\/index.php?rest_route=\/wp\/v2\/pages\/2528\/revisions"}],"predecessor-version":[{"id":3716,"href":"https:\/\/rkeeper.pl\/index.php?rest_route=\/wp\/v2\/pages\/2528\/revisions\/3716"}],"wp:attachment":[{"href":"https:\/\/rkeeper.pl\/index.php?rest_route=%2Fwp%2Fv2%2Fmedia&parent=2528"}],"curies":[{"name":"wp","href":"https:\/\/api.w.org\/{rel}","templated":true}]}}