{"id":2484,"date":"2025-07-14T16:04:46","date_gmt":"2025-07-14T13:04:46","guid":{"rendered":"https:\/\/rkeeper.us\/?page_id=2484"},"modified":"2025-07-22T11:58:26","modified_gmt":"2025-07-22T08:58:26","slug":"przejazd","status":"publish","type":"page","link":"https:\/\/rkeeper.pl\/?page_id=2484","title":{"rendered":"Przejazd"},"content":{"rendered":"<h3>Przejazd<\/h3>\n<h2 id=\"Drive-Through:-Speed-Up-Serve-More-Smile-Often-1\"><strong>Drive-Through: Przyspiesz, podawaj wi\u0119cej, u\u015bmiechaj si\u0119 cz\u0119sto<\/strong><\/h2>\n<h3 id=\"Fast.-Frictionless.-Fully-Integrated.-2\">Szybko. Bez tarcia. W pe\u0142ni zintegrowany.  <\/h3>\n<p>Nowoczesne <strong>rozwi\u0105zanie drive-through<\/strong> to nie tylko okienko i g\u0142o\u015bnik.<br \/>To dobrze naoliwiony system, kt\u00f3ry \u0142\u0105czy menu, kuchni\u0119, p\u0142atno\u015b\u0107 i klienta &#8211; w ci\u0105gu kilku sekund.<br \/>Nasze <strong>rozwi\u0105zanie drive-through<\/strong> zapewnia wszystko, czego potrzebujesz, aby obs\u0142ugiwa\u0107 wi\u0119cej samochod\u00f3w, szybciej i z mniejsz\u0105 liczb\u0105 b\u0142\u0119d\u00f3w.<\/p>\n<p>Od ekranu do kanapki &#8211; usprawnij ca\u0142\u0105 \u015bcie\u017ck\u0119.<\/p>\n<h3 id=\"Built-for-Speed-and-Accuracy-2\"><strong>Zbudowany z my\u015bl\u0105 o szybko\u015bci i dok\u0142adno\u015bci<\/strong><\/h3>\n<p><img fetchpriority=\"high\" decoding=\"async\" style=\"margin: 8px 8px 0px;\" src=\"https:\/\/img.perfectwiki.xyz\/insecure\/resize:fit:400\/aHR0cHM6Ly9zdG9yYWdlLmdvb2dsZWFwaXMuY29tL3BlcmZlY3Rfd2lraS9jMThmZTZmNy03MTRiLTQxMzItYmI1NC0zNTY0ODc3NWVkMGMvNWhqMGlFVlkzaUtwbDRKQ1RhTGsvJUQwJUI4JUQwJUI3JUQwJUJFJUQwJUIxJUQxJTgwJUQwJUIwJUQwJUI2JUQwJUI1JUQwJUJEJUQwJUI4JUQwJUI1XzZmZWI4ZTcwLTdkYWMtNGUyMC1iMTBkLWFiYTdmOTllODczNS5wbmc.webp\" sizes=\"100vw\" srcset=\"https:\/\/img.perfectwiki.xyz\/insecure\/resize:fit:400\/aHR0cHM6Ly9zdG9yYWdlLmdvb2dsZWFwaXMuY29tL3BlcmZlY3Rfd2lraS9jMThmZTZmNy03MTRiLTQxMzItYmI1NC0zNTY0ODc3NWVkMGMvNWhqMGlFVlkzaUtwbDRKQ1RhTGsvJUQwJUI4JUQwJUI3JUQwJUJFJUQwJUIxJUQxJTgwJUQwJUIwJUQwJUI2JUQwJUI1JUQwJUJEJUQwJUI4JUQwJUI1XzZmZWI4ZTcwLTdkYWMtNGUyMC1iMTBkLWFiYTdmOTllODczNS5wbmc.webp 400w, https:\/\/img.perfectwiki.xyz\/insecure\/resize:fit:800\/aHR0cHM6Ly9zdG9yYWdlLmdvb2dsZWFwaXMuY29tL3BlcmZlY3Rfd2lraS9jMThmZTZmNy03MTRiLTQxMzItYmI1NC0zNTY0ODc3NWVkMGMvNWhqMGlFVlkzaUtwbDRKQ1RhTGsvJUQwJUI4JUQwJUI3JUQwJUJFJUQwJUIxJUQxJTgwJUQwJUIwJUQwJUI2JUQwJUI1JUQwJUJEJUQwJUI4JUQwJUI1XzZmZWI4ZTcwLTdkYWMtNGUyMC1iMTBkLWFiYTdmOTllODczNS5wbmc.webp 800w, https:\/\/img.perfectwiki.xyz\/insecure\/resize:fit:1200\/aHR0cHM6Ly9zdG9yYWdlLmdvb2dsZWFwaXMuY29tL3BlcmZlY3Rfd2lraS9jMThmZTZmNy03MTRiLTQxMzItYmI1NC0zNTY0ODc3NWVkMGMvNWhqMGlFVlkzaUtwbDRKQ1RhTGsvJUQwJUI4JUQwJUI3JUQwJUJFJUQwJUIxJUQxJTgwJUQwJUIwJUQwJUI2JUQwJUI1JUQwJUJEJUQwJUI4JUQwJUI1XzZmZWI4ZTcwLTdkYWMtNGUyMC1iMTBkLWFiYTdmOTllODczNS5wbmc.webp 1200w, https:\/\/img.perfectwiki.xyz\/insecure\/aHR0cHM6Ly9zdG9yYWdlLmdvb2dsZWFwaXMuY29tL3BlcmZlY3Rfd2lraS9jMThmZTZmNy03MTRiLTQxMzItYmI1NC0zNTY0ODc3NWVkMGMvNWhqMGlFVlkzaUtwbDRKQ1RhTGsvJUQwJUI4JUQwJUI3JUQwJUJFJUQwJUIxJUQxJTgwJUQwJUIwJUQwJUI2JUQwJUI1JUQwJUJEJUQwJUI4JUQwJUI1XzZmZWI4ZTcwLTdkYWMtNGUyMC1iMTBkLWFiYTdmOTllODczNS5wbmc.webp 1400w\" alt=\"Rozwi\u0105zania \/ 8 Przejazd  \" width=\"325\" height=\"217\"><\/p>\n<p><strong>Bezdotykowe panele zam\u00f3wie\u0144<\/strong><br \/>Pozwalaj\u0105 klientom sk\u0142ada\u0107 zam\u00f3wienia za pomoc\u0105 ekranu dotykowego lub g\u0142osu, z przyjaznym interfejsem u\u017cytkownika &#8211; nawet z samochodu.<\/p>\n<p><strong>Zintegrowany system POS i Kitchen Workflow<\/strong><br \/>Zam\u00f3wienia natychmiast pojawiaj\u0105 si\u0119 w kolejce w kuchni. Bez ponownego wpisywania. \u017badnych op\u00f3\u017anie\u0144.  <\/p>\n<p><strong>Szybkie, elastyczne p\u0142atno\u015bci<\/strong><br \/>Akceptuj p\u0142atno\u015bci kart\u0105, dotkni\u0119ciem, QR lub portfelem mobilnym &#8211; bezpo\u015brednio w okienku.<\/p>\n<p><strong>Natychmiastowe pokwitowania i przywo\u0142ywanie zam\u00f3wie\u0144<\/strong><br \/>Szybkie drukowanie, automatyczne przywo\u0142ywanie poprzednich zam\u00f3wie\u0144 i pe\u0142na widoczno\u015b\u0107 klient\u00f3w.<\/p>\n<p><strong>Narz\u0119dzia do zarz\u0105dzania kolejkami<\/strong><br \/>\u015aled\u017a liczb\u0119 samochod\u00f3w, czasy oczekiwania i optymalizuj przep\u0142yw dzi\u0119ki danym na \u017cywo.<\/p>\n<h3 id=\"Why-It-Works-2\"><strong>Dlaczego to dzia\u0142a<\/strong><\/h3>\n<p><img decoding=\"async\" style=\"margin: 8px 8px 0px;\" src=\"https:\/\/img.perfectwiki.xyz\/insecure\/resize:fit:400\/aHR0cHM6Ly9zdG9yYWdlLmdvb2dsZWFwaXMuY29tL3BlcmZlY3Rfd2lraS9jMThmZTZmNy03MTRiLTQxMzItYmI1NC0zNTY0ODc3NWVkMGMvNWhqMGlFVlkzaUtwbDRKQ1RhTGsvJUQwJUI4JUQwJUI3JUQwJUJFJUQwJUIxJUQxJTgwJUQwJUIwJUQwJUI2JUQwJUI1JUQwJUJEJUQwJUI4JUQwJUI1XzkwMjgyODY5LTAwNWUtNDY4OC04MmU3LWIwM2ZkMGRmYjA4ZC5wbmc.webp\" sizes=\"100vw\" srcset=\"https:\/\/img.perfectwiki.xyz\/insecure\/resize:fit:400\/aHR0cHM6Ly9zdG9yYWdlLmdvb2dsZWFwaXMuY29tL3BlcmZlY3Rfd2lraS9jMThmZTZmNy03MTRiLTQxMzItYmI1NC0zNTY0ODc3NWVkMGMvNWhqMGlFVlkzaUtwbDRKQ1RhTGsvJUQwJUI4JUQwJUI3JUQwJUJFJUQwJUIxJUQxJTgwJUQwJUIwJUQwJUI2JUQwJUI1JUQwJUJEJUQwJUI4JUQwJUI1XzkwMjgyODY5LTAwNWUtNDY4OC04MmU3LWIwM2ZkMGRmYjA4ZC5wbmc.webp 400w, https:\/\/img.perfectwiki.xyz\/insecure\/resize:fit:800\/aHR0cHM6Ly9zdG9yYWdlLmdvb2dsZWFwaXMuY29tL3BlcmZlY3Rfd2lraS9jMThmZTZmNy03MTRiLTQxMzItYmI1NC0zNTY0ODc3NWVkMGMvNWhqMGlFVlkzaUtwbDRKQ1RhTGsvJUQwJUI4JUQwJUI3JUQwJUJFJUQwJUIxJUQxJTgwJUQwJUIwJUQwJUI2JUQwJUI1JUQwJUJEJUQwJUI4JUQwJUI1XzkwMjgyODY5LTAwNWUtNDY4OC04MmU3LWIwM2ZkMGRmYjA4ZC5wbmc.webp 800w, https:\/\/img.perfectwiki.xyz\/insecure\/resize:fit:1200\/aHR0cHM6Ly9zdG9yYWdlLmdvb2dsZWFwaXMuY29tL3BlcmZlY3Rfd2lraS9jMThmZTZmNy03MTRiLTQxMzItYmI1NC0zNTY0ODc3NWVkMGMvNWhqMGlFVlkzaUtwbDRKQ1RhTGsvJUQwJUI4JUQwJUI3JUQwJUJFJUQwJUIxJUQxJTgwJUQwJUIwJUQwJUI2JUQwJUI1JUQwJUJEJUQwJUI4JUQwJUI1XzkwMjgyODY5LTAwNWUtNDY4OC04MmU3LWIwM2ZkMGRmYjA4ZC5wbmc.webp 1200w, https:\/\/img.perfectwiki.xyz\/insecure\/aHR0cHM6Ly9zdG9yYWdlLmdvb2dsZWFwaXMuY29tL3BlcmZlY3Rfd2lraS9jMThmZTZmNy03MTRiLTQxMzItYmI1NC0zNTY0ODc3NWVkMGMvNWhqMGlFVlkzaUtwbDRKQ1RhTGsvJUQwJUI4JUQwJUI3JUQwJUJFJUQwJUIxJUQxJTgwJUQwJUIwJUQwJUI2JUQwJUI1JUQwJUJEJUQwJUI4JUQwJUI1XzkwMjgyODY5LTAwNWUtNDY4OC04MmU3LWIwM2ZkMGRmYjA4ZC5wbmc.webp 1400w\" alt=\"Rozwi\u0105zania \/ 8 Przejazd  \" width=\"417\" height=\"278\"><\/p>\n<p><strong>Obs\u0142uga wi\u0119kszej liczby klient\u00f3w w kr\u00f3tszym czasie<\/strong><br \/>Szybsze wprowadzanie zam\u00f3wie\u0144 i przetwarzanie w kuchni oznacza kr\u00f3tsze kolejki i wi\u0119ksz\u0105 przepustowo\u015b\u0107.<\/p>\n<p><strong>Mniej b\u0142\u0119d\u00f3w = szcz\u0119\u015bliwsi go\u015bcie<\/strong><br \/>Zintegrowane zamawianie minimalizuje nieporozumienia &#8211; zam\u00f3wienia s\u0105 zawsze dok\u0142adne.<\/p>\n<p><strong>Monitorowanie w czasie rzeczywistym<\/strong><br \/>Uzyskaj dane na \u017cywo dotycz\u0105ce \u015bredniego czasu oczekiwania, przerw w podr\u00f3\u017cy i godzin najwi\u0119kszej wydajno\u015bci.<\/p>\n<p><strong>Profesjonalne do\u015bwiadczenie<\/strong><br \/>Zapewnij go\u015bciom do\u015bwiadczenie, jakiego oczekuj\u0105 od nowoczesnych marek QSR &#8211; szybkie, p\u0142ynne, zaawansowane technologicznie.<\/p>\n<p><img decoding=\"async\" src=\"https:\/\/img.perfectwiki.xyz\/insecure\/resize:fit:400\/aHR0cHM6Ly9zdG9yYWdlLmdvb2dsZWFwaXMuY29tL3BlcmZlY3Rfd2lraS9jMThmZTZmNy03MTRiLTQxMzItYmI1NC0zNTY0ODc3NWVkMGMvNWhqMGlFVlkzaUtwbDRKQ1RhTGsvJUQwJUI4JUQwJUI3JUQwJUJFJUQwJUIxJUQxJTgwJUQwJUIwJUQwJUI2JUQwJUI1JUQwJUJEJUQwJUI4JUQwJUI1Xzc0ZjZlZDk0LTIwZjUtNGYwNS1iOTI5LWEzZGM3ZDExYWRhMC5wbmc.webp\" sizes=\"100vw\" srcset=\"https:\/\/img.perfectwiki.xyz\/insecure\/resize:fit:400\/aHR0cHM6Ly9zdG9yYWdlLmdvb2dsZWFwaXMuY29tL3BlcmZlY3Rfd2lraS9jMThmZTZmNy03MTRiLTQxMzItYmI1NC0zNTY0ODc3NWVkMGMvNWhqMGlFVlkzaUtwbDRKQ1RhTGsvJUQwJUI4JUQwJUI3JUQwJUJFJUQwJUIxJUQxJTgwJUQwJUIwJUQwJUI2JUQwJUI1JUQwJUJEJUQwJUI4JUQwJUI1Xzc0ZjZlZDk0LTIwZjUtNGYwNS1iOTI5LWEzZGM3ZDExYWRhMC5wbmc.webp 400w, https:\/\/img.perfectwiki.xyz\/insecure\/resize:fit:800\/aHR0cHM6Ly9zdG9yYWdlLmdvb2dsZWFwaXMuY29tL3BlcmZlY3Rfd2lraS9jMThmZTZmNy03MTRiLTQxMzItYmI1NC0zNTY0ODc3NWVkMGMvNWhqMGlFVlkzaUtwbDRKQ1RhTGsvJUQwJUI4JUQwJUI3JUQwJUJFJUQwJUIxJUQxJTgwJUQwJUIwJUQwJUI2JUQwJUI1JUQwJUJEJUQwJUI4JUQwJUI1Xzc0ZjZlZDk0LTIwZjUtNGYwNS1iOTI5LWEzZGM3ZDExYWRhMC5wbmc.webp 800w, https:\/\/img.perfectwiki.xyz\/insecure\/resize:fit:1200\/aHR0cHM6Ly9zdG9yYWdlLmdvb2dsZWFwaXMuY29tL3BlcmZlY3Rfd2lraS9jMThmZTZmNy03MTRiLTQxMzItYmI1NC0zNTY0ODc3NWVkMGMvNWhqMGlFVlkzaUtwbDRKQ1RhTGsvJUQwJUI4JUQwJUI3JUQwJUJFJUQwJUIxJUQxJTgwJUQwJUIwJUQwJUI2JUQwJUI1JUQwJUJEJUQwJUI4JUQwJUI1Xzc0ZjZlZDk0LTIwZjUtNGYwNS1iOTI5LWEzZGM3ZDExYWRhMC5wbmc.webp 1200w, https:\/\/img.perfectwiki.xyz\/insecure\/aHR0cHM6Ly9zdG9yYWdlLmdvb2dsZWFwaXMuY29tL3BlcmZlY3Rfd2lraS9jMThmZTZmNy03MTRiLTQxMzItYmI1NC0zNTY0ODc3NWVkMGMvNWhqMGlFVlkzaUtwbDRKQ1RhTGsvJUQwJUI4JUQwJUI3JUQwJUJFJUQwJUIxJUQxJTgwJUQwJUIwJUQwJUI2JUQwJUI1JUQwJUJEJUQwJUI4JUQwJUI1Xzc0ZjZlZDk0LTIwZjUtNGYwNS1iOTI5LWEzZGM3ZDExYWRhMC5wbmc.webp 1400w\" alt=\"Rozwi\u0105zania \/ 8 Przejazd  \" width=\"232\" height=\"349\"><\/p>\n<h3 id=\"Drive-Through-for-Every-Scale-2\"><strong>Przejazd dla ka\u017cdej skali<\/strong><\/h3>\n<ul>\n<li><strong>Fast Food i QSR<\/strong>: Przejd\u017a przez lunchowy po\u015bpiech jak profesjonalista<\/li>\n<li><strong>\u0141a\u0144cuchy kawowe<\/strong>: Utrzymanie kolejki w godzinach porannych<\/li>\n<li><strong>Restauracje z jedzeniem na wynos<\/strong>: Obs\u0142uga wi\u0119kszej liczby odbior\u00f3w bez chaosu<\/li>\n<li><strong>Lokalizacje przy autostradach<\/strong>: Obs\u0142uga podr\u00f3\u017cnych w drodze &#8211; bez zwalniania tempa<\/li>\n<\/ul>\n<h2 id=\"Turn-Your-Parking-Lot-Into-a-Profit-Machine-1\"><strong>Zamie\u0144 sw\u00f3j parking w maszyn\u0119 do generowania zysk\u00f3w<\/strong><\/h2>\n<p>Dzi\u0119ki odpowiednim narz\u0119dziom przejazd samochodem staje si\u0119 czym\u015b wi\u0119cej ni\u017c tylko wygod\u0105 &#8211; staje si\u0119 najwi\u0119kszym kana\u0142em sprzeda\u017cy.<\/p>\n<p>\t\t\t\t\t<a href=\"https:\/\/rkeeper.us\/?page_id=256\"><br \/>\n\t\t\t\t\t\t\t\t\tKontakt<br \/>\n\t\t\t\t\t<\/a><\/p>\n","protected":false},"excerpt":{"rendered":"<p>Przejazd Drive-Through: Przyspiesz, podawaj wi\u0119cej, u\u015bmiechaj si\u0119 cz\u0119sto Szybko. Bez tarcia. W pe\u0142ni zintegrowany. Nowoczesne rozwi\u0105zanie drive-through to nie tylko okienko i g\u0142o\u015bnik.To dobrze naoliwiony system, kt\u00f3ry \u0142\u0105czy menu, kuchni\u0119, p\u0142atno\u015b\u0107 i klienta &#8211; w ci\u0105gu kilku sekund.Nasze rozwi\u0105zanie drive-through zapewnia wszystko, czego potrzebujesz, aby obs\u0142ugiwa\u0107 wi\u0119cej samochod\u00f3w, szybciej i z mniejsz\u0105 liczb\u0105 b\u0142\u0119d\u00f3w. Od [&hellip;]<\/p>\n","protected":false},"author":1,"featured_media":0,"parent":0,"menu_order":0,"comment_status":"closed","ping_status":"closed","template":"","meta":{"footnotes":""},"class_list":["post-2484","page","type-page","status-publish","hentry"],"_links":{"self":[{"href":"https:\/\/rkeeper.pl\/index.php?rest_route=\/wp\/v2\/pages\/2484","targetHints":{"allow":["GET"]}}],"collection":[{"href":"https:\/\/rkeeper.pl\/index.php?rest_route=\/wp\/v2\/pages"}],"about":[{"href":"https:\/\/rkeeper.pl\/index.php?rest_route=\/wp\/v2\/types\/page"}],"author":[{"embeddable":true,"href":"https:\/\/rkeeper.pl\/index.php?rest_route=\/wp\/v2\/users\/1"}],"replies":[{"embeddable":true,"href":"https:\/\/rkeeper.pl\/index.php?rest_route=%2Fwp%2Fv2%2Fcomments&post=2484"}],"version-history":[{"count":5,"href":"https:\/\/rkeeper.pl\/index.php?rest_route=\/wp\/v2\/pages\/2484\/revisions"}],"predecessor-version":[{"id":3621,"href":"https:\/\/rkeeper.pl\/index.php?rest_route=\/wp\/v2\/pages\/2484\/revisions\/3621"}],"wp:attachment":[{"href":"https:\/\/rkeeper.pl\/index.php?rest_route=%2Fwp%2Fv2%2Fmedia&parent=2484"}],"curies":[{"name":"wp","href":"https:\/\/api.w.org\/{rel}","templated":true}]}}