{"id":1853,"date":"2025-06-26T23:52:14","date_gmt":"2025-06-26T20:52:14","guid":{"rendered":"https:\/\/rkeeper.us\/?page_id=1853"},"modified":"2025-07-22T12:08:40","modified_gmt":"2025-07-22T09:08:40","slug":"kioski-samoobslugowe","status":"publish","type":"page","link":"https:\/\/rkeeper.pl\/?page_id=1853","title":{"rendered":"Kioski samoobs\u0142ugowe"},"content":{"rendered":"\t\t<div data-elementor-type=\"wp-page\" data-elementor-id=\"1853\" class=\"elementor elementor-1853 elementor-1787\" data-elementor-post-type=\"page\">\n\t\t\t\t<div class=\"elementor-element elementor-element-45a7e7ff e-flex e-con-boxed e-con e-parent\" data-id=\"45a7e7ff\" data-element_type=\"container\" data-e-type=\"container\">\n\t\t\t\t\t<div class=\"e-con-inner\">\n\t\t\t\t<div class=\"elementor-element elementor-element-7639dded elementor-widget elementor-widget-heading\" data-id=\"7639dded\" data-element_type=\"widget\" data-e-type=\"widget\" data-widget_type=\"heading.default\">\n\t\t\t\t<div class=\"elementor-widget-container\">\n\t\t\t\t\t<h3 class=\"elementor-heading-title elementor-size-default\">Kioski samoobs\u0142ugowe<\/h3>\t\t\t\t<\/div>\n\t\t\t\t<\/div>\n\t\t\t\t<div class=\"elementor-element elementor-element-60686d3 elementor-widget elementor-widget-text-editor\" data-id=\"60686d3\" data-element_type=\"widget\" data-e-type=\"widget\" data-widget_type=\"text-editor.default\">\n\t\t\t\t<div class=\"elementor-widget-container\">\n\t\t\t\t\t\t\t\t\t<h2 id=\"Empower-your-fast-food-experience-with-r_keeper-kiosks-1\"><strong>Wzmocnij swoje do\u015bwiadczenie z fast foodami dzi\u0119ki kioskom r_keeper<\/strong><\/h2><figure class=\"image image-style-align-left image_resized\"><img fetchpriority=\"high\" decoding=\"async\" class=\"alignright\" src=\"https:\/\/img.perfectwiki.xyz\/insecure\/resize:fit:400\/aHR0cHM6Ly9zdG9yYWdlLmdvb2dsZWFwaXMuY29tL3BlcmZlY3Rfd2lraS9jMThmZTZmNy03MTRiLTQxMzItYmI1NC0zNTY0ODc3NWVkMGMvY1NJdzZ0a3l0OFU2UTIxZUlGQk4vJUQwJUI4JUQwJUI3JUQwJUJFJUQwJUIxJUQxJTgwJUQwJUIwJUQwJUI2JUQwJUI1JUQwJUJEJUQwJUI4JUQwJUI1X2Q2NTk2NWQzLTFkNDUtNDYyOC05ZTkxLWJlOGUxYzc1ODBhMy5wbmc.webp\" sizes=\"100vw\" srcset=\"https:\/\/img.perfectwiki.xyz\/insecure\/resize:fit:400\/aHR0cHM6Ly9zdG9yYWdlLmdvb2dsZWFwaXMuY29tL3BlcmZlY3Rfd2lraS9jMThmZTZmNy03MTRiLTQxMzItYmI1NC0zNTY0ODc3NWVkMGMvY1NJdzZ0a3l0OFU2UTIxZUlGQk4vJUQwJUI4JUQwJUI3JUQwJUJFJUQwJUIxJUQxJTgwJUQwJUIwJUQwJUI2JUQwJUI1JUQwJUJEJUQwJUI4JUQwJUI1X2Q2NTk2NWQzLTFkNDUtNDYyOC05ZTkxLWJlOGUxYzc1ODBhMy5wbmc.webp 400w, https:\/\/img.perfectwiki.xyz\/insecure\/resize:fit:800\/aHR0cHM6Ly9zdG9yYWdlLmdvb2dsZWFwaXMuY29tL3BlcmZlY3Rfd2lraS9jMThmZTZmNy03MTRiLTQxMzItYmI1NC0zNTY0ODc3NWVkMGMvY1NJdzZ0a3l0OFU2UTIxZUlGQk4vJUQwJUI4JUQwJUI3JUQwJUJFJUQwJUIxJUQxJTgwJUQwJUIwJUQwJUI2JUQwJUI1JUQwJUJEJUQwJUI4JUQwJUI1X2Q2NTk2NWQzLTFkNDUtNDYyOC05ZTkxLWJlOGUxYzc1ODBhMy5wbmc.webp 800w, https:\/\/img.perfectwiki.xyz\/insecure\/resize:fit:1200\/aHR0cHM6Ly9zdG9yYWdlLmdvb2dsZWFwaXMuY29tL3BlcmZlY3Rfd2lraS9jMThmZTZmNy03MTRiLTQxMzItYmI1NC0zNTY0ODc3NWVkMGMvY1NJdzZ0a3l0OFU2UTIxZUlGQk4vJUQwJUI4JUQwJUI3JUQwJUJFJUQwJUIxJUQxJTgwJUQwJUIwJUQwJUI2JUQwJUI1JUQwJUJEJUQwJUI4JUQwJUI1X2Q2NTk2NWQzLTFkNDUtNDYyOC05ZTkxLWJlOGUxYzc1ODBhMy5wbmc.webp 1200w, https:\/\/img.perfectwiki.xyz\/insecure\/aHR0cHM6Ly9zdG9yYWdlLmdvb2dsZWFwaXMuY29tL3BlcmZlY3Rfd2lraS9jMThmZTZmNy03MTRiLTQxMzItYmI1NC0zNTY0ODc3NWVkMGMvY1NJdzZ0a3l0OFU2UTIxZUlGQk4vJUQwJUI4JUQwJUI3JUQwJUJFJUQwJUIxJUQxJTgwJUQwJUIwJUQwJUI2JUQwJUI1JUQwJUJEJUQwJUI4JUQwJUI1X2Q2NTk2NWQzLTFkNDUtNDYyOC05ZTkxLWJlOGUxYzc1ODBhMy5wbmc.webp 1400w\" alt=\"produkty \/ 1 Kioski samoobs\u0142ugowe \u2705  \" width=\"428\" height=\"426\"><\/figure><h3 id=\"Quick.-Efficient.-User-Friendly.-2\"><strong>Szybko. Efektywnie. Przyjazne dla u\u017cytkownika.  <\/strong><\/h3><p>Szybkie, wydajne i niezwykle przyjazne dla u\u017cytkownika, nasze kioski umo\u017cliwiaj\u0105 klientom sk\u0142adanie zam\u00f3wie\u0144 w dogodnym dla nich czasie, skracaj\u0105c czas oczekiwania i zwi\u0119kszaj\u0105c satysfakcj\u0119. Zanurz si\u0119 w przysz\u0142o\u015b\u0107 gastronomii, w kt\u00f3rej technologia \u0142\u0105czy si\u0119 ze smakiem. Podnie\u015b wydajno\u015b\u0107 swojej restauracji i obserwuj rozw\u00f3j swojej firmy dzi\u0119ki <strong>r_keeper<\/strong>. Skontaktuj si\u0119 z nami ju\u017c dzi\u015b, aby przekszta\u0142ci\u0107 swoje us\u0142ugi!   <\/p><ul><li>\u201eSkr\u00f3\u0107 czas oczekiwania\u201d<\/li><li>\u201eZwi\u0119ksz zadowolenie klient\u00f3w\u201d<\/li><li>\u201eZwi\u0119ksz dok\u0142adno\u015b\u0107 zam\u00f3wie\u0144\u201d<\/li><li>\u201eZwi\u0119ksz sprzeda\u017c dzi\u0119ki up-sellingowi i cross-sellingowi\u201d<\/li><\/ul><h2 id=\"How-R-Keeper-Kiosks-Work-1\"><strong>Jak dzia\u0142aj\u0105 kioski r-keeper<\/strong><\/h2><ul><li>\u201e\u0141atwa konfiguracja\u201d<\/li><li>\u201eP\u0142ynne zamawianie\u201d<\/li><li>\u201eNatychmiastowe przetwarzanie p\u0142atno\u015bci\u201d<\/li><li>\u201eSzybka realizacja zam\u00f3wie\u0144\u201d<\/li><\/ul><h2><strong>Korzy\u015bci z kiosk\u00f3w R-keeper<\/strong><\/h2><p><strong style=\"letter-spacing: 0px; word-spacing: 0em; background-color: transparent;\">&#8222;Streamline Your Operations&#8221; <\/strong><span style=\"letter-spacing: 0px; word-spacing: 0em; background-color: transparent;\">polega na zrewolucjonizowaniu sposobu, w jaki restauracje szybkiej obs\u0142ugi zarz\u0105dzaj\u0105 codziennymi przep\u0142ywami pracy i interakcjami z klientami. <\/span><span style=\"letter-spacing: 0px; word-spacing: 0em; background-color: transparent;\">Podej\u015bcie to wykorzystuje zaawansowan\u0105 technologi\u0119, aby zwi\u0119kszy\u0107 wydajno\u015b\u0107 restauracji, zmniejszaj\u0105c czas i wysi\u0142ek po\u015bwi\u0119cany na rutynowe zadania.<\/span><\/p><p><strong style=\"background-color: transparent; letter-spacing: 0px; word-spacing: 0em;\">Szybszy proces zamawiania:<\/strong><span style=\"background-color: transparent; letter-spacing: 0px; word-spacing: 0em;\"> Klienci mog\u0105 szybko sk\u0142ada\u0107 zam\u00f3wienia za po\u015brednictwem intuicyjnych interfejs\u00f3w ekranu dotykowego, skracaj\u0105c czas oczekiwania w kolejce i minimalizuj\u0105c obci\u0105\u017cenie personelu w godzinach szczytu.<\/span><\/p><p><strong style=\"background-color: transparent; letter-spacing: 0px; word-spacing: 0em;\">Zwi\u0119kszona dok\u0142adno\u015b\u0107 zam\u00f3wie\u0144:<\/strong><span style=\"background-color: transparent; letter-spacing: 0px; word-spacing: 0em;\">  Dzi\u0119ki kioskom samoobs\u0142ugowym klienci maj\u0105 kontrol\u0119 nad dostosowywaniem swoich zam\u00f3wie\u0144 dok\u0142adnie tak, jak im si\u0119 podoba, co znacznie zmniejsza ryzyko b\u0142\u0119d\u00f3w, kt\u00f3re mog\u0105 wyst\u0105pi\u0107 w przypadku tradycyjnych metod zamawiania. Ta dok\u0142adno\u015b\u0107 zapewnia, \u017ce klienci otrzymuj\u0105 dok\u0142adnie to, co zam\u00f3wili, zwi\u0119kszaj\u0105c satysfakcj\u0119 i zmniejszaj\u0105c ilo\u015b\u0107 odpad\u00f3w. <\/span><\/p><p><strong style=\"background-color: transparent; letter-spacing: 0px; word-spacing: 0em;\">Efektywna alokacja personelu:<\/strong><span style=\"background-color: transparent; letter-spacing: 0px; word-spacing: 0em;\">  Dzi\u0119ki automatyzacji procesu przyjmowania zam\u00f3wie\u0144 pracownicy mog\u0105 skupi\u0107 si\u0119 na innych krytycznych obszarach, takich jak przygotowywanie posi\u0142k\u00f3w i obs\u0142uga klienta. Ta zoptymalizowana alokacja zasob\u00f3w ludzkich zapewnia p\u0142ynne dzia\u0142anie, zwi\u0119kszaj\u0105c og\u00f3ln\u0105 wydajno\u015b\u0107 restauracji. <\/span><\/p><p><img decoding=\"async\" class=\"alignleft\" style=\"margin: 8px 8px 0px;\" src=\"https:\/\/img.perfectwiki.xyz\/insecure\/resize:fit:400\/aHR0cHM6Ly9zdG9yYWdlLmdvb2dsZWFwaXMuY29tL3BlcmZlY3Rfd2lraS9jMThmZTZmNy03MTRiLTQxMzItYmI1NC0zNTY0ODc3NWVkMGMvY1NJdzZ0a3l0OFU2UTIxZUlGQk4vJUQwJUI4JUQwJUI3JUQwJUJFJUQwJUIxJUQxJTgwJUQwJUIwJUQwJUI2JUQwJUI1JUQwJUJEJUQwJUI4JUQwJUI1XzI4MzhjZjMwLTdiYTAtNDI4OC04NWE5LWUyYTNjZjM0M2EzMi5wbmc.webp\" sizes=\"100vw\" srcset=\"https:\/\/img.perfectwiki.xyz\/insecure\/resize:fit:400\/aHR0cHM6Ly9zdG9yYWdlLmdvb2dsZWFwaXMuY29tL3BlcmZlY3Rfd2lraS9jMThmZTZmNy03MTRiLTQxMzItYmI1NC0zNTY0ODc3NWVkMGMvY1NJdzZ0a3l0OFU2UTIxZUlGQk4vJUQwJUI4JUQwJUI3JUQwJUJFJUQwJUIxJUQxJTgwJUQwJUIwJUQwJUI2JUQwJUI1JUQwJUJEJUQwJUI4JUQwJUI1XzI4MzhjZjMwLTdiYTAtNDI4OC04NWE5LWUyYTNjZjM0M2EzMi5wbmc.webp 400w, https:\/\/img.perfectwiki.xyz\/insecure\/resize:fit:800\/aHR0cHM6Ly9zdG9yYWdlLmdvb2dsZWFwaXMuY29tL3BlcmZlY3Rfd2lraS9jMThmZTZmNy03MTRiLTQxMzItYmI1NC0zNTY0ODc3NWVkMGMvY1NJdzZ0a3l0OFU2UTIxZUlGQk4vJUQwJUI4JUQwJUI3JUQwJUJFJUQwJUIxJUQxJTgwJUQwJUIwJUQwJUI2JUQwJUI1JUQwJUJEJUQwJUI4JUQwJUI1XzI4MzhjZjMwLTdiYTAtNDI4OC04NWE5LWUyYTNjZjM0M2EzMi5wbmc.webp 800w, https:\/\/img.perfectwiki.xyz\/insecure\/resize:fit:1200\/aHR0cHM6Ly9zdG9yYWdlLmdvb2dsZWFwaXMuY29tL3BlcmZlY3Rfd2lraS9jMThmZTZmNy03MTRiLTQxMzItYmI1NC0zNTY0ODc3NWVkMGMvY1NJdzZ0a3l0OFU2UTIxZUlGQk4vJUQwJUI4JUQwJUI3JUQwJUJFJUQwJUIxJUQxJTgwJUQwJUIwJUQwJUI2JUQwJUI1JUQwJUJEJUQwJUI4JUQwJUI1XzI4MzhjZjMwLTdiYTAtNDI4OC04NWE5LWUyYTNjZjM0M2EzMi5wbmc.webp 1200w, https:\/\/img.perfectwiki.xyz\/insecure\/aHR0cHM6Ly9zdG9yYWdlLmdvb2dsZWFwaXMuY29tL3BlcmZlY3Rfd2lraS9jMThmZTZmNy03MTRiLTQxMzItYmI1NC0zNTY0ODc3NWVkMGMvY1NJdzZ0a3l0OFU2UTIxZUlGQk4vJUQwJUI4JUQwJUI3JUQwJUJFJUQwJUIxJUQxJTgwJUQwJUIwJUQwJUI2JUQwJUI1JUQwJUJEJUQwJUI4JUQwJUI1XzI4MzhjZjMwLTdiYTAtNDI4OC04NWE5LWUyYTNjZjM0M2EzMi5wbmc.webp 1400w\" alt=\"produkty \/ 1 Kioski samoobs\u0142ugowe \u2705  \" width=\"485\" height=\"324\"><\/p><p><strong style=\"background-color: transparent; letter-spacing: 0px; word-spacing: 0em;\">Spostrze\u017cenia oparte na danych:<\/strong><span style=\"background-color: transparent; letter-spacing: 0px; word-spacing: 0em;\">  Kioski R-Keeper zbieraj\u0105 cenne dane na temat preferencji klient\u00f3w i wzorc\u00f3w zamawiania. Informacje te mog\u0105 by\u0107 analizowane w celu podejmowania \u015bwiadomych decyzji dotycz\u0105cych dostosowa\u0144 menu, strategii promocyjnych i personelu w godzinach szczytu, co dodatkowo usprawnia operacje i dostosowuje doznania kulinarne do gust\u00f3w klient\u00f3w. <\/span><\/p><p><strong style=\"background-color: transparent; letter-spacing: 0px; word-spacing: 0em;\">&#8222;Wzmocnij pozycj\u0119 swoich klient\u00f3w&#8221;  <\/strong><span style=\"background-color: transparent; letter-spacing: 0px; word-spacing: 0em;\">daje klientom kontrol\u0119 nad ich posi\u0142kami w restauracji typu fast-food. Kioski te oferuj\u0105 intuicyjny i interaktywny proces zamawiania, umo\u017cliwiaj\u0105c klientom przegl\u0105danie menu we w\u0142asnym tempie, dostosowywanie zam\u00f3wie\u0144 do ich dok\u0142adnych preferencji, a nawet odkrywanie nowych pozycji lub promocji. Takie samodzielne podej\u015bcie nie tylko zwi\u0119ksza zadowolenie klient\u00f3w, zapewniaj\u0105c im wyb\u00f3r i elastyczno\u015b\u0107, ale tak\u017ce anga\u017cuje ich w nowoczesne, zaawansowane technologicznie do\u015bwiadczenie kulinarne. Wzmocnienie pozycji klient\u00f3w w ten spos\u00f3b mo\u017ce prowadzi\u0107 do zwi\u0119kszenia warto\u015bci zam\u00f3wie\u0144 dzi\u0119ki mo\u017cliwo\u015bciom sprzeda\u017cy dodatkowej i bardziej spersonalizowanej obs\u0142udze, przyczyniaj\u0105c si\u0119 do lojalno\u015bci klient\u00f3w i powtarzalno\u015bci transakcji.   <\/span><\/p><p><strong style=\"background-color: transparent; letter-spacing: 0px; word-spacing: 0em;\">&#8222;Zwi\u0119ksz swoje zyski&#8221;  <\/strong><span style=\"background-color: transparent; letter-spacing: 0px; word-spacing: 0em;\">Wykorzystanie technologii do bezpo\u015bredniego wp\u0142ywu na rentowno\u015b\u0107 restauracji typu fast-food. Oto, w jaki spos\u00f3b integracja tych kiosk\u00f3w mo\u017ce zwi\u0119kszy\u0107 przychody: <\/span><\/p><p><strong style=\"background-color: transparent; letter-spacing: 0px; word-spacing: 0em;\">Upselling i Cross-Selling:<\/strong><span style=\"background-color: transparent; letter-spacing: 0px; word-spacing: 0em;\">  Kioski mog\u0105 automatycznie sugerowa\u0107 dodatki lub ulepszenia w momencie sk\u0142adania zam\u00f3wienia, zach\u0119caj\u0105c klient\u00f3w do dokonywania dodatkowych zakup\u00f3w. Na przyk\u0142ad, sugeruj\u0105c nap\u00f3j do burgera lub oferuj\u0105c dodatek w obni\u017conej cenie przy zakupie z g\u0142\u00f3wnym posi\u0142kiem. Pozwala to nie tylko zwi\u0119kszy\u0107 \u015bredni\u0105 warto\u015b\u0107 zam\u00f3wienia, ale tak\u017ce unikn\u0105\u0107 nachalno\u015bci zwi\u0105zanej z ludzk\u0105 sprzeda\u017c\u0105.  <\/span><\/p><p><strong style=\"background-color: transparent; letter-spacing: 0px; word-spacing: 0em;\">Ni\u017csze koszty pracy:<\/strong><span style=\"background-color: transparent; letter-spacing: 0px; word-spacing: 0em;\">  Automatyzuj\u0105c proces zamawiania, mo\u017cna przenie\u015b\u0107 personel do bardziej krytycznych obszar\u00f3w dzia\u0142alno\u015bci lub zmniejszy\u0107 liczb\u0119 pracownik\u00f3w wymaganych w mniej ruchliwych okresach. Taka optymalizacja mo\u017ce prowadzi\u0107 do znacznych oszcz\u0119dno\u015bci w kosztach pracy, kt\u00f3re s\u0105 jednym z najwi\u0119kszych wydatk\u00f3w w bran\u017cy restauracyjnej. <\/span><\/p><p><strong>Wi\u0119ksza przepustowo\u015b\u0107:<\/strong> Kioski samoobs\u0142ugowe mog\u0105 obs\u0142ugiwa\u0107 wiele zam\u00f3wie\u0144 jednocze\u015bnie i dzia\u0142a\u0107 w spos\u00f3b ci\u0105g\u0142y, co prowadzi do wi\u0119kszej przepustowo\u015bci klient\u00f3w, zw\u0142aszcza w godzinach szczytu. Ta wydajno\u015b\u0107 oznacza, \u017ce wi\u0119ksza sprzeda\u017c mo\u017ce by\u0107 przetwarzana w kr\u00f3tszym czasie, bezpo\u015brednio zwi\u0119kszaj\u0105c potencja\u0142 przychod\u00f3w. <\/p>\t\t\t\t\t\t\t\t<\/div>\n\t\t\t\t<\/div>\n\t\t\t\t<div class=\"elementor-element elementor-element-4800aad5 elementor-align-center elementor-mobile-align-center elementor-widget elementor-widget-button\" data-id=\"4800aad5\" data-element_type=\"widget\" data-e-type=\"widget\" data-widget_type=\"button.default\">\n\t\t\t\t<div class=\"elementor-widget-container\">\n\t\t\t\t\t\t\t\t\t<div class=\"elementor-button-wrapper\">\n\t\t\t\t\t<a class=\"elementor-button elementor-button-link elementor-size-sm\" href=\"http:\/\/rkeeper.pl\/?page_id=256\">\n\t\t\t\t\t\t<span class=\"elementor-button-content-wrapper\">\n\t\t\t\t\t\t\t\t\t<span class=\"elementor-button-text\">Kontakt<\/span>\n\t\t\t\t\t<\/span>\n\t\t\t\t\t<\/a>\n\t\t\t\t<\/div>\n\t\t\t\t\t\t\t\t<\/div>\n\t\t\t\t<\/div>\n\t\t\t\t\t<\/div>\n\t\t\t\t<\/div>\n\t\t\t\t<\/div>\n\t\t","protected":false},"excerpt":{"rendered":"<p>Kioski samoobs\u0142ugowe Wzmocnij swoje do\u015bwiadczenie z fast foodami dzi\u0119ki kioskom r_keeper Szybko. Efektywnie. Przyjazne dla u\u017cytkownika. Szybkie, wydajne i niezwykle przyjazne dla u\u017cytkownika, nasze kioski umo\u017cliwiaj\u0105 klientom sk\u0142adanie zam\u00f3wie\u0144 w dogodnym dla nich czasie, skracaj\u0105c czas oczekiwania i zwi\u0119kszaj\u0105c satysfakcj\u0119. Zanurz si\u0119 w przysz\u0142o\u015b\u0107 gastronomii, w kt\u00f3rej technologia \u0142\u0105czy si\u0119 ze smakiem. Podnie\u015b wydajno\u015b\u0107 swojej [&hellip;]<\/p>\n","protected":false},"author":1,"featured_media":0,"parent":0,"menu_order":0,"comment_status":"closed","ping_status":"closed","template":"elementor_header_footer","meta":{"footnotes":""},"class_list":["post-1853","page","type-page","status-publish","hentry"],"_links":{"self":[{"href":"https:\/\/rkeeper.pl\/index.php?rest_route=\/wp\/v2\/pages\/1853","targetHints":{"allow":["GET"]}}],"collection":[{"href":"https:\/\/rkeeper.pl\/index.php?rest_route=\/wp\/v2\/pages"}],"about":[{"href":"https:\/\/rkeeper.pl\/index.php?rest_route=\/wp\/v2\/types\/page"}],"author":[{"embeddable":true,"href":"https:\/\/rkeeper.pl\/index.php?rest_route=\/wp\/v2\/users\/1"}],"replies":[{"embeddable":true,"href":"https:\/\/rkeeper.pl\/index.php?rest_route=%2Fwp%2Fv2%2Fcomments&post=1853"}],"version-history":[{"count":6,"href":"https:\/\/rkeeper.pl\/index.php?rest_route=\/wp\/v2\/pages\/1853\/revisions"}],"predecessor-version":[{"id":3696,"href":"https:\/\/rkeeper.pl\/index.php?rest_route=\/wp\/v2\/pages\/1853\/revisions\/3696"}],"wp:attachment":[{"href":"https:\/\/rkeeper.pl\/index.php?rest_route=%2Fwp%2Fv2%2Fmedia&parent=1853"}],"curies":[{"name":"wp","href":"https:\/\/api.w.org\/{rel}","templated":true}]}}